{"id":191080,"date":"2026-02-17T08:40:16","date_gmt":"2026-02-17T08:40:16","guid":{"rendered":"https:\/\/iber.market\/producto\/bolsas-de-basura-extra-bosque-verde-30l-cubo-mediano\/"},"modified":"2026-02-17T08:40:17","modified_gmt":"2026-02-17T08:40:17","slug":"bolsas-de-basura-extra-bosque-verde-30l-cubo-mediano","status":"publish","type":"product","link":"https:\/\/iber.market\/it\/product-2\/bolsas-de-basura-extra-bosque-verde-30l-cubo-mediano\/","title":{"rendered":"Fodere extra per bidoni Bosque Verde 30L di medie dimensioni"},"content":{"rendered":"","protected":false},"excerpt":{"rendered":"<p>Disfruta de Bolsas de basura extra Bosque Verde 30L cubo mediano, un producto t\u00edpico de Espa\u00f1a ahora disponible en Europa. Ideal para expatriados y amantes de la calidad mediterr\u00e1nea. Env\u00edo r\u00e1pido desde Espa\u00f1a.<\/p>","protected":false},"featured_media":191081,"template":"","meta":[],"product_brand":[],"product_cat":[63],"product_tag":[],"class_list":{"0":"post-191080","1":"product","2":"type-product","3":"status-publish","4":"has-post-thumbnail","6":"product_cat-limpieza-del-hogar","8":"first","9":"instock","10":"taxable","11":"shipping-taxable","12":"purchasable","13":"product-type-simple"},"jetpack_sharing_enabled":true,"_links":{"self":[{"href":"https:\/\/iber.market\/it\/wp-json\/wp\/v2\/product\/191080","targetHints":{"allow":["GET"]}}],"collection":[{"href":"https:\/\/iber.market\/it\/wp-json\/wp\/v2\/product"}],"about":[{"href":"https:\/\/iber.market\/it\/wp-json\/wp\/v2\/types\/product"}],"wp:featuredmedia":[{"embeddable":true,"href":"https:\/\/iber.market\/it\/wp-json\/wp\/v2\/media\/191081"}],"wp:attachment":[{"href":"https:\/\/iber.market\/it\/wp-json\/wp\/v2\/media?parent=191080"}],"wp:term":[{"taxonomy":"product_brand","embeddable":true,"href":"https:\/\/iber.market\/it\/wp-json\/wp\/v2\/product_brand?post=191080"},{"taxonomy":"product_cat","embeddable":true,"href":"https:\/\/iber.market\/it\/wp-json\/wp\/v2\/product_cat?post=191080"},{"taxonomy":"product_tag","embeddable":true,"href":"https:\/\/iber.market\/it\/wp-json\/wp\/v2\/product_tag?post=191080"}],"curies":[{"name":"wp","href":"https:\/\/api.w.org\/{rel}","templated":true}]}}