{"id":191056,"date":"2026-02-17T08:40:09","date_gmt":"2026-02-17T08:40:09","guid":{"rendered":"https:\/\/iber.market\/producto\/bolsas-de-basura-mini-bosque-verde-10l-cubo-pequeno\/"},"modified":"2026-02-17T08:40:10","modified_gmt":"2026-02-17T08:40:10","slug":"bolsas-de-basura-mini-bosque-verde-10l-cubo-pequeno","status":"publish","type":"product","link":"https:\/\/iber.market\/it\/product-2\/bolsas-de-basura-mini-bosque-verde-10l-cubo-pequeno\/","title":{"rendered":"Mini cestini per rifiuti Bosque Verde Secchio piccolo da 10L"},"content":{"rendered":"","protected":false},"excerpt":{"rendered":"<p>Disfruta de Bolsas de basura mini Bosque Verde 10L cubo peque\u00f1o, un producto t\u00edpico de Espa\u00f1a ahora disponible en Europa. Ideal para expatriados y amantes de la calidad mediterr\u00e1nea. Env\u00edo r\u00e1pido desde Espa\u00f1a.<\/p>","protected":false},"featured_media":191057,"template":"","meta":[],"product_brand":[],"product_cat":[63],"product_tag":[],"class_list":{"0":"post-191056","1":"product","2":"type-product","3":"status-publish","4":"has-post-thumbnail","6":"product_cat-limpieza-del-hogar","8":"first","9":"instock","10":"taxable","11":"shipping-taxable","12":"purchasable","13":"product-type-simple"},"jetpack_sharing_enabled":true,"_links":{"self":[{"href":"https:\/\/iber.market\/it\/wp-json\/wp\/v2\/product\/191056","targetHints":{"allow":["GET"]}}],"collection":[{"href":"https:\/\/iber.market\/it\/wp-json\/wp\/v2\/product"}],"about":[{"href":"https:\/\/iber.market\/it\/wp-json\/wp\/v2\/types\/product"}],"wp:featuredmedia":[{"embeddable":true,"href":"https:\/\/iber.market\/it\/wp-json\/wp\/v2\/media\/191057"}],"wp:attachment":[{"href":"https:\/\/iber.market\/it\/wp-json\/wp\/v2\/media?parent=191056"}],"wp:term":[{"taxonomy":"product_brand","embeddable":true,"href":"https:\/\/iber.market\/it\/wp-json\/wp\/v2\/product_brand?post=191056"},{"taxonomy":"product_cat","embeddable":true,"href":"https:\/\/iber.market\/it\/wp-json\/wp\/v2\/product_cat?post=191056"},{"taxonomy":"product_tag","embeddable":true,"href":"https:\/\/iber.market\/it\/wp-json\/wp\/v2\/product_tag?post=191056"}],"curies":[{"name":"wp","href":"https:\/\/api.w.org\/{rel}","templated":true}]}}