{"id":187979,"date":"2026-01-10T16:18:16","date_gmt":"2026-01-10T16:18:16","guid":{"rendered":"https:\/\/iber.market\/producto\/refresco-de-kefir-ecologico-500-ml\/"},"modified":"2026-01-10T16:18:17","modified_gmt":"2026-01-10T16:18:17","slug":"refresco-de-kefir-ecologico-500-ml","status":"publish","type":"product","link":"https:\/\/iber.market\/it\/product-2\/refresco-de-kefir-ecologico-500-ml\/","title":{"rendered":"Refresco de kefir ecol\u00f3gico 500 ml."},"content":{"rendered":"<p><strong>CANTERO DE LETUR Refresco de kefir ecol\u00f3gico 500 ml.<\/strong> del marchio <strong>CANTERO DE LETUR<\/strong> \u00e8 un prodotto appartenente alla categoria <em>Supermercato biologico &gt; Bevande biologiche<\/em>, selezionati all'interno del supermercato biologico spagnolo.<\/p>\n<p>Questo prodotto \u00e8 pensato per chi segue una dieta vegana, biologica o a base vegetale, privilegiando ingredienti di qualit\u00e0, processi responsabili e un consumo pi\u00f9 sostenibile.<\/p>\n<p>Ideale per i clienti europei che desiderano acquistare prodotti biologici e vegani dalla Spagna con consegna internazionale, mantenendo l'essenza del supermercato spagnolo.<\/p>","protected":false},"excerpt":{"rendered":"<p>CANTERO DE LETUR Refresco de kefir ecol\u00f3gico 500 ml. CANTERO DE LETUR. Producto ecol\u00f3gico y vegano seleccionado en supermercado espa\u00f1ol, ideal para una alimentaci\u00f3n consciente y saludable.<\/p>","protected":false},"featured_media":187980,"template":"","meta":[],"product_brand":[],"product_cat":[353],"product_tag":[],"class_list":{"0":"post-187979","1":"product","2":"type-product","3":"status-publish","4":"has-post-thumbnail","6":"product_cat-bebidas-ecologicas","8":"first","9":"instock","10":"taxable","11":"shipping-taxable","12":"purchasable","13":"product-type-simple"},"jetpack_sharing_enabled":true,"_links":{"self":[{"href":"https:\/\/iber.market\/it\/wp-json\/wp\/v2\/product\/187979","targetHints":{"allow":["GET"]}}],"collection":[{"href":"https:\/\/iber.market\/it\/wp-json\/wp\/v2\/product"}],"about":[{"href":"https:\/\/iber.market\/it\/wp-json\/wp\/v2\/types\/product"}],"wp:featuredmedia":[{"embeddable":true,"href":"https:\/\/iber.market\/it\/wp-json\/wp\/v2\/media\/187980"}],"wp:attachment":[{"href":"https:\/\/iber.market\/it\/wp-json\/wp\/v2\/media?parent=187979"}],"wp:term":[{"taxonomy":"product_brand","embeddable":true,"href":"https:\/\/iber.market\/it\/wp-json\/wp\/v2\/product_brand?post=187979"},{"taxonomy":"product_cat","embeddable":true,"href":"https:\/\/iber.market\/it\/wp-json\/wp\/v2\/product_cat?post=187979"},{"taxonomy":"product_tag","embeddable":true,"href":"https:\/\/iber.market\/it\/wp-json\/wp\/v2\/product_tag?post=187979"}],"curies":[{"name":"wp","href":"https:\/\/api.w.org\/{rel}","templated":true}]}}