{"id":187876,"date":"2026-01-10T16:17:52","date_gmt":"2026-01-10T16:17:52","guid":{"rendered":"https:\/\/iber.market\/producto\/copos-de-maiz-cornflakes-tostados-ecologicos-400-g\/"},"modified":"2026-01-10T16:17:53","modified_gmt":"2026-01-10T16:17:53","slug":"copos-de-maiz-cornflakes-tostados-ecologicos-400-g","status":"publish","type":"product","link":"https:\/\/iber.market\/it\/product-2\/copos-de-maiz-cornflakes-tostados-ecologicos-400-g\/","title":{"rendered":"Copos de ma\u00edz (cornflakes) tostados ecol\u00f3gicos 400 g."},"content":{"rendered":"<p><strong>ECOCESTA Copos de ma\u00edz (cornflakes) tostados ecol\u00f3gicos 400 g.<\/strong> del marchio <strong>ECOCEST<\/strong> \u00e8 un prodotto appartenente alla categoria <em>Supermercato biologico &gt; Colazioni biologiche<\/em>, selezionati all'interno del supermercato biologico spagnolo.<\/p>\n<p>Questo prodotto \u00e8 pensato per chi segue una dieta vegana, biologica o a base vegetale, privilegiando ingredienti di qualit\u00e0, processi responsabili e un consumo pi\u00f9 sostenibile.<\/p>\n<p>Ideale per i clienti europei che desiderano acquistare prodotti biologici e vegani dalla Spagna con consegna internazionale, mantenendo l'essenza del supermercato spagnolo.<\/p>","protected":false},"excerpt":{"rendered":"<p>ECOCESTA Copos de ma\u00edz (cornflakes) tostados ecol\u00f3gicos 400 g. ECOCESTA. Producto ecol\u00f3gico y vegano seleccionado en supermercado espa\u00f1ol, ideal para una alimentaci\u00f3n consciente y saludable.<\/p>","protected":false},"featured_media":187877,"template":"","meta":[],"product_brand":[],"product_cat":[354],"product_tag":[],"class_list":{"0":"post-187876","1":"product","2":"type-product","3":"status-publish","4":"has-post-thumbnail","6":"product_cat-desayunos-ecologicos","8":"first","9":"instock","10":"taxable","11":"shipping-taxable","12":"purchasable","13":"product-type-simple"},"jetpack_sharing_enabled":true,"_links":{"self":[{"href":"https:\/\/iber.market\/it\/wp-json\/wp\/v2\/product\/187876","targetHints":{"allow":["GET"]}}],"collection":[{"href":"https:\/\/iber.market\/it\/wp-json\/wp\/v2\/product"}],"about":[{"href":"https:\/\/iber.market\/it\/wp-json\/wp\/v2\/types\/product"}],"wp:featuredmedia":[{"embeddable":true,"href":"https:\/\/iber.market\/it\/wp-json\/wp\/v2\/media\/187877"}],"wp:attachment":[{"href":"https:\/\/iber.market\/it\/wp-json\/wp\/v2\/media?parent=187876"}],"wp:term":[{"taxonomy":"product_brand","embeddable":true,"href":"https:\/\/iber.market\/it\/wp-json\/wp\/v2\/product_brand?post=187876"},{"taxonomy":"product_cat","embeddable":true,"href":"https:\/\/iber.market\/it\/wp-json\/wp\/v2\/product_cat?post=187876"},{"taxonomy":"product_tag","embeddable":true,"href":"https:\/\/iber.market\/it\/wp-json\/wp\/v2\/product_tag?post=187876"}],"curies":[{"name":"wp","href":"https:\/\/api.w.org\/{rel}","templated":true}]}}