{"id":187769,"date":"2026-01-10T16:17:35","date_gmt":"2026-01-10T16:17:35","guid":{"rendered":"https:\/\/iber.market\/producto\/aceite-de-oliva-virgen-extra-ecologico-oro-de-genave-botella-750-ml\/"},"modified":"2026-01-18T15:42:58","modified_gmt":"2026-01-18T15:42:58","slug":"aceite-de-oliva-virgen-extra-ecologico-oro-de-genave-botella-750-ml","status":"publish","type":"product","link":"https:\/\/iber.market\/it\/product-2\/aceite-de-oliva-virgen-extra-ecologico-oro-de-genave-botella-750-ml\/","title":{"rendered":"Aceite de oliva virgen extra ecol\u00f3gico ORO DE G\u00c9NAVE botella 750 ml."},"content":{"rendered":"<p><strong>ORO DE G\u00c9NAVE Aceite de oliva virgen extra ecol\u00f3gico ORO DE G\u00c9NAVE botella 750 ml.<\/strong> del marchio <strong>ORO DE G\u00c9NAVE<\/strong> \u00e8 un prodotto appartenente alla categoria <em>Supermercato biologico &gt; La vostra dispensa biologica<\/em>, selezionati all'interno del supermercato biologico spagnolo.<\/p>\n<p>Questo prodotto \u00e8 pensato per chi segue una dieta vegana, biologica o a base vegetale, privilegiando ingredienti di qualit\u00e0, processi responsabili e un consumo pi\u00f9 sostenibile.<\/p>\n<p>Ideale per i clienti europei che desiderano acquistare prodotti biologici e vegani dalla Spagna con consegna internazionale, mantenendo l'essenza del supermercato spagnolo.<\/p>","protected":false},"excerpt":{"rendered":"<p>ORO DE G\u00c9NAVE Aceite de oliva virgen extra ecol\u00f3gico ORO DE G\u00c9NAVE botella 750 ml. ORO DE G\u00c9NAVE. Producto ecol\u00f3gico y vegano seleccionado en supermercado espa\u00f1ol, ideal para una alimentaci\u00f3n consciente y saludable.<\/p>","protected":false},"featured_media":187770,"template":"","meta":[],"product_brand":[],"product_cat":[352],"product_tag":[],"class_list":{"0":"post-187769","1":"product","2":"type-product","3":"status-publish","4":"has-post-thumbnail","6":"product_cat-tu-despensa-ecologica","8":"first","9":"instock","10":"taxable","11":"shipping-taxable","12":"purchasable","13":"product-type-simple"},"jetpack_sharing_enabled":true,"_links":{"self":[{"href":"https:\/\/iber.market\/it\/wp-json\/wp\/v2\/product\/187769","targetHints":{"allow":["GET"]}}],"collection":[{"href":"https:\/\/iber.market\/it\/wp-json\/wp\/v2\/product"}],"about":[{"href":"https:\/\/iber.market\/it\/wp-json\/wp\/v2\/types\/product"}],"wp:featuredmedia":[{"embeddable":true,"href":"https:\/\/iber.market\/it\/wp-json\/wp\/v2\/media\/187770"}],"wp:attachment":[{"href":"https:\/\/iber.market\/it\/wp-json\/wp\/v2\/media?parent=187769"}],"wp:term":[{"taxonomy":"product_brand","embeddable":true,"href":"https:\/\/iber.market\/it\/wp-json\/wp\/v2\/product_brand?post=187769"},{"taxonomy":"product_cat","embeddable":true,"href":"https:\/\/iber.market\/it\/wp-json\/wp\/v2\/product_cat?post=187769"},{"taxonomy":"product_tag","embeddable":true,"href":"https:\/\/iber.market\/it\/wp-json\/wp\/v2\/product_tag?post=187769"}],"curies":[{"name":"wp","href":"https:\/\/api.w.org\/{rel}","templated":true}]}}