{"id":187733,"date":"2026-01-10T16:17:29","date_gmt":"2026-01-10T16:17:29","guid":{"rendered":"https:\/\/iber.market\/producto\/cava-extra-brut-ecologico-elaborado-segun-el-metodo-tradicional-benjamin-3-x-20-cl\/"},"modified":"2026-01-10T16:17:29","modified_gmt":"2026-01-10T16:17:29","slug":"cava-extra-brut-ecologico-elaborado-segun-el-metodo-tradicional-benjamin-3-x-20-cl","status":"publish","type":"product","link":"https:\/\/iber.market\/it\/product-2\/cava-extra-brut-ecologico-elaborado-segun-el-metodo-tradicional-benjamin-3-x-20-cl\/","title":{"rendered":"Cava extra brut ecol\u00f3gico, elaborado segun el m\u00e9todo tradicional benjamin 3 x 20 cl."},"content":{"rendered":"<p><strong>CODORNIU Cava extra brut ecol\u00f3gico, elaborado segun el m\u00e9todo tradicional benjamin 3 x 20 cl.<\/strong> del marchio <strong>CODORNIU<\/strong> \u00e8 un prodotto appartenente alla categoria <em>Supermercato biologico &gt; Bevande biologiche<\/em>, selezionati all'interno del supermercato biologico spagnolo.<\/p>\n<p>Questo prodotto \u00e8 pensato per chi segue una dieta vegana, biologica o a base vegetale, privilegiando ingredienti di qualit\u00e0, processi responsabili e un consumo pi\u00f9 sostenibile.<\/p>\n<p>Ideale per i clienti europei che desiderano acquistare prodotti biologici e vegani dalla Spagna con consegna internazionale, mantenendo l'essenza del supermercato spagnolo.<\/p>","protected":false},"excerpt":{"rendered":"<p>CODORNIU Cava extra brut ecol\u00f3gico, elaborado segun el m\u00e9todo tradicional benjamin 3 x 20 cl. CODORNIU. Producto ecol\u00f3gico y vegano seleccionado en supermercado espa\u00f1ol, ideal para una alimentaci\u00f3n consciente y saludable.<\/p>","protected":false},"featured_media":187734,"template":"","meta":[],"product_brand":[],"product_cat":[353],"product_tag":[],"class_list":{"0":"post-187733","1":"product","2":"type-product","3":"status-publish","4":"has-post-thumbnail","6":"product_cat-bebidas-ecologicas","8":"first","9":"instock","10":"taxable","11":"shipping-taxable","12":"purchasable","13":"product-type-simple"},"jetpack_sharing_enabled":true,"_links":{"self":[{"href":"https:\/\/iber.market\/it\/wp-json\/wp\/v2\/product\/187733","targetHints":{"allow":["GET"]}}],"collection":[{"href":"https:\/\/iber.market\/it\/wp-json\/wp\/v2\/product"}],"about":[{"href":"https:\/\/iber.market\/it\/wp-json\/wp\/v2\/types\/product"}],"wp:featuredmedia":[{"embeddable":true,"href":"https:\/\/iber.market\/it\/wp-json\/wp\/v2\/media\/187734"}],"wp:attachment":[{"href":"https:\/\/iber.market\/it\/wp-json\/wp\/v2\/media?parent=187733"}],"wp:term":[{"taxonomy":"product_brand","embeddable":true,"href":"https:\/\/iber.market\/it\/wp-json\/wp\/v2\/product_brand?post=187733"},{"taxonomy":"product_cat","embeddable":true,"href":"https:\/\/iber.market\/it\/wp-json\/wp\/v2\/product_cat?post=187733"},{"taxonomy":"product_tag","embeddable":true,"href":"https:\/\/iber.market\/it\/wp-json\/wp\/v2\/product_tag?post=187733"}],"curies":[{"name":"wp","href":"https:\/\/api.w.org\/{rel}","templated":true}]}}