{"id":187709,"date":"2026-01-10T16:17:23","date_gmt":"2026-01-10T16:17:23","guid":{"rendered":"https:\/\/iber.market\/producto\/bio-bebida-de-avena-ecologica-sin-azucares-anadidos-1-l\/"},"modified":"2026-01-10T16:17:24","modified_gmt":"2026-01-10T16:17:24","slug":"bevanda-di-avena-biologica-senza-zuccheri-aggiunti-1-l","status":"publish","type":"product","link":"https:\/\/iber.market\/it\/product-2\/bevanda-di-avena-biologica-senza-zuccheri-aggiunti-1-l\/","title":{"rendered":"Bevanda di avena Bio Organic, senza zuccheri aggiunti 1 l."},"content":{"rendered":"<p><strong>SORIA NATURAL Bio Bevanda all'avena, senza zuccheri aggiunti 1 l.<\/strong> del marchio <strong>SORIA NATURALE<\/strong> \u00e8 un prodotto appartenente alla categoria <em>Supermercato biologico &gt; Bevande biologiche<\/em>, selezionati all'interno del supermercato biologico spagnolo.<\/p>\n<p>Questo prodotto \u00e8 pensato per chi segue una dieta vegana, biologica o a base vegetale, privilegiando ingredienti di qualit\u00e0, processi responsabili e un consumo pi\u00f9 sostenibile.<\/p>\n<p>Ideale per i clienti europei che desiderano acquistare prodotti biologici e vegani dalla Spagna con consegna internazionale, mantenendo l'essenza del supermercato spagnolo.<\/p>","protected":false},"excerpt":{"rendered":"<p>SORIA NATURAL Bio Bevanda di avena biologica, senza zuccheri aggiunti 1 l. SORIA NATURAL. Prodotto biologico e vegano selezionato nei supermercati spagnoli, ideale per un'alimentazione consapevole e sana.<\/p>","protected":false},"featured_media":187710,"template":"","meta":[],"product_brand":[],"product_cat":[353],"product_tag":[],"class_list":{"0":"post-187709","1":"product","2":"type-product","3":"status-publish","4":"has-post-thumbnail","6":"product_cat-bebidas-ecologicas","8":"first","9":"instock","10":"taxable","11":"shipping-taxable","12":"purchasable","13":"product-type-simple"},"jetpack_sharing_enabled":true,"_links":{"self":[{"href":"https:\/\/iber.market\/it\/wp-json\/wp\/v2\/product\/187709","targetHints":{"allow":["GET"]}}],"collection":[{"href":"https:\/\/iber.market\/it\/wp-json\/wp\/v2\/product"}],"about":[{"href":"https:\/\/iber.market\/it\/wp-json\/wp\/v2\/types\/product"}],"wp:featuredmedia":[{"embeddable":true,"href":"https:\/\/iber.market\/it\/wp-json\/wp\/v2\/media\/187710"}],"wp:attachment":[{"href":"https:\/\/iber.market\/it\/wp-json\/wp\/v2\/media?parent=187709"}],"wp:term":[{"taxonomy":"product_brand","embeddable":true,"href":"https:\/\/iber.market\/it\/wp-json\/wp\/v2\/product_brand?post=187709"},{"taxonomy":"product_cat","embeddable":true,"href":"https:\/\/iber.market\/it\/wp-json\/wp\/v2\/product_cat?post=187709"},{"taxonomy":"product_tag","embeddable":true,"href":"https:\/\/iber.market\/it\/wp-json\/wp\/v2\/product_tag?post=187709"}],"curies":[{"name":"wp","href":"https:\/\/api.w.org\/{rel}","templated":true}]}}