{"id":187701,"date":"2026-01-10T16:17:22","date_gmt":"2026-01-10T16:17:22","guid":{"rendered":"https:\/\/iber.market\/producto\/fusion-bebida-ecologica-con-sabor-a-manzanilla-melocoton-y-naranja-lata-25-cl\/"},"modified":"2026-01-10T16:17:23","modified_gmt":"2026-01-10T16:17:23","slug":"bevanda-biologica-fusion-al-gusto-di-pesca-manzanilla-e-arancia-lattina-da-25-cl","status":"publish","type":"product","link":"https:\/\/iber.market\/it\/product-2\/bevanda-biologica-fusion-al-gusto-di-pesca-manzanilla-e-arancia-lattina-da-25-cl\/","title":{"rendered":"Fusion Bevanda biologica al gusto di camomilla, pesca e arancia. Lattina da 25 cl."},"content":{"rendered":"<p><strong>CUPPER Fusion Bevanda biologica al gusto di camomilla, pesca e arancia lattina da 25 cl.<\/strong> del marchio <strong>CUPPER<\/strong> \u00e8 un prodotto appartenente alla categoria <em>Supermercato biologico &gt; Bevande biologiche<\/em>, selezionati all'interno del supermercato biologico spagnolo.<\/p>\n<p>Questo prodotto \u00e8 pensato per chi segue una dieta vegana, biologica o a base vegetale, privilegiando ingredienti di qualit\u00e0, processi responsabili e un consumo pi\u00f9 sostenibile.<\/p>\n<p>Ideale per i clienti europei che desiderano acquistare prodotti biologici e vegani dalla Spagna con consegna internazionale, mantenendo l'essenza del supermercato spagnolo.<\/p>","protected":false},"excerpt":{"rendered":"<p>CUPPER Fusion Bevanda biologica al gusto di camomilla, pesca e arancia. Lattina da 25 cl. CUPPER. Prodotto ecologico e vegano selezionato nei supermercati spagnoli, ideale per un'alimentazione consapevole e sana.<\/p>","protected":false},"featured_media":187702,"template":"","meta":[],"product_brand":[],"product_cat":[353],"product_tag":[],"class_list":{"0":"post-187701","1":"product","2":"type-product","3":"status-publish","4":"has-post-thumbnail","6":"product_cat-bebidas-ecologicas","8":"first","9":"instock","10":"taxable","11":"shipping-taxable","12":"purchasable","13":"product-type-simple"},"jetpack_sharing_enabled":true,"_links":{"self":[{"href":"https:\/\/iber.market\/it\/wp-json\/wp\/v2\/product\/187701","targetHints":{"allow":["GET"]}}],"collection":[{"href":"https:\/\/iber.market\/it\/wp-json\/wp\/v2\/product"}],"about":[{"href":"https:\/\/iber.market\/it\/wp-json\/wp\/v2\/types\/product"}],"wp:featuredmedia":[{"embeddable":true,"href":"https:\/\/iber.market\/it\/wp-json\/wp\/v2\/media\/187702"}],"wp:attachment":[{"href":"https:\/\/iber.market\/it\/wp-json\/wp\/v2\/media?parent=187701"}],"wp:term":[{"taxonomy":"product_brand","embeddable":true,"href":"https:\/\/iber.market\/it\/wp-json\/wp\/v2\/product_brand?post=187701"},{"taxonomy":"product_cat","embeddable":true,"href":"https:\/\/iber.market\/it\/wp-json\/wp\/v2\/product_cat?post=187701"},{"taxonomy":"product_tag","embeddable":true,"href":"https:\/\/iber.market\/it\/wp-json\/wp\/v2\/product_tag?post=187701"}],"curies":[{"name":"wp","href":"https:\/\/api.w.org\/{rel}","templated":true}]}}