{"id":187697,"date":"2026-01-10T16:17:21","date_gmt":"2026-01-10T16:17:21","guid":{"rendered":"https:\/\/iber.market\/producto\/organic-salsa-bolonesa-vegana-ecologica-bote-235-g\/"},"modified":"2026-01-10T16:17:22","modified_gmt":"2026-01-10T16:17:22","slug":"organic-salsa-bolonesa-vegana-ecologica-bote-235-g","status":"publish","type":"product","link":"https:\/\/iber.market\/it\/product-2\/organic-salsa-bolonesa-vegana-ecologica-bote-235-g\/","title":{"rendered":"Sugo bolognese vegano biologico da 235 g."},"content":{"rendered":"<p><strong>CONCA Organic Salsa Bolo\u00f1esa vegana ecol\u00f3gica bote 235 g.<\/strong> del marchio <strong>CONCA<\/strong> \u00e8 un prodotto appartenente alla categoria <em>Supermercato biologico &gt; La vostra dispensa biologica<\/em>, selezionati all'interno del supermercato biologico spagnolo.<\/p>\n<p>Questo prodotto \u00e8 pensato per chi segue una dieta vegana, biologica o a base vegetale, privilegiando ingredienti di qualit\u00e0, processi responsabili e un consumo pi\u00f9 sostenibile.<\/p>\n<p>Ideale per i clienti europei che desiderano acquistare prodotti biologici e vegani dalla Spagna con consegna internazionale, mantenendo l'essenza del supermercato spagnolo.<\/p>","protected":false},"excerpt":{"rendered":"<p>CONCA Organic Salsa Bolo\u00f1esa vegana ecol\u00f3gica bote 235 g. CONCA. Producto ecol\u00f3gico y vegano seleccionado en supermercado espa\u00f1ol, ideal para una alimentaci\u00f3n consciente y saludable.<\/p>","protected":false},"featured_media":187698,"template":"","meta":[],"product_brand":[],"product_cat":[352],"product_tag":[],"class_list":{"0":"post-187697","1":"product","2":"type-product","3":"status-publish","4":"has-post-thumbnail","6":"product_cat-tu-despensa-ecologica","8":"first","9":"instock","10":"taxable","11":"shipping-taxable","12":"purchasable","13":"product-type-simple"},"jetpack_sharing_enabled":true,"_links":{"self":[{"href":"https:\/\/iber.market\/it\/wp-json\/wp\/v2\/product\/187697","targetHints":{"allow":["GET"]}}],"collection":[{"href":"https:\/\/iber.market\/it\/wp-json\/wp\/v2\/product"}],"about":[{"href":"https:\/\/iber.market\/it\/wp-json\/wp\/v2\/types\/product"}],"wp:featuredmedia":[{"embeddable":true,"href":"https:\/\/iber.market\/it\/wp-json\/wp\/v2\/media\/187698"}],"wp:attachment":[{"href":"https:\/\/iber.market\/it\/wp-json\/wp\/v2\/media?parent=187697"}],"wp:term":[{"taxonomy":"product_brand","embeddable":true,"href":"https:\/\/iber.market\/it\/wp-json\/wp\/v2\/product_brand?post=187697"},{"taxonomy":"product_cat","embeddable":true,"href":"https:\/\/iber.market\/it\/wp-json\/wp\/v2\/product_cat?post=187697"},{"taxonomy":"product_tag","embeddable":true,"href":"https:\/\/iber.market\/it\/wp-json\/wp\/v2\/product_tag?post=187697"}],"curies":[{"name":"wp","href":"https:\/\/api.w.org\/{rel}","templated":true}]}}