{"id":187675,"date":"2026-01-10T16:17:17","date_gmt":"2026-01-10T16:17:17","guid":{"rendered":"https:\/\/iber.market\/producto\/aceite-oliva-virgen-extra-ecologico-denominacion-de-origen-baena-nunez-de-prado-botella-500-ml\/"},"modified":"2026-01-10T16:17:18","modified_gmt":"2026-01-10T16:17:18","slug":"aceite-oliva-virgen-extra-ecologico-denominacion-de-origen-baena-nunez-de-prado-botella-500-ml","status":"publish","type":"product","link":"https:\/\/iber.market\/it\/product-2\/aceite-oliva-virgen-extra-ecologico-denominacion-de-origen-baena-nunez-de-prado-botella-500-ml\/","title":{"rendered":"Olio extravergine di oliva biologico Denominazione di origine Baena N\u00da\u00d1EZ DE PRADO Bottiglia 500 ml."},"content":{"rendered":"<p><strong>N\u00da\u00d1EZ DE PRADO Aceite oliva virgen extra ecol\u00f3gico Denominaci\u00f3n de Origen Baena N\u00da\u00d1EZ DE PRADO Botella 500 ml.<\/strong> del marchio <strong>N\u00da\u00d1EZ DE PRADO<\/strong> \u00e8 un prodotto appartenente alla categoria <em>Supermercato biologico &gt; La vostra dispensa biologica<\/em>, selezionati all'interno del supermercato biologico spagnolo.<\/p>\n<p>Questo prodotto \u00e8 pensato per chi segue una dieta vegana, biologica o a base vegetale, privilegiando ingredienti di qualit\u00e0, processi responsabili e un consumo pi\u00f9 sostenibile.<\/p>\n<p>Ideale per i clienti europei che desiderano acquistare prodotti biologici e vegani dalla Spagna con consegna internazionale, mantenendo l'essenza del supermercato spagnolo.<\/p>","protected":false},"excerpt":{"rendered":"<p>N\u00da\u00d1EZ DE PRADO Aceite oliva virgen extra ecol\u00f3gico Denominaci\u00f3n de Origen Baena N\u00da\u00d1EZ DE PRADO Botella 500 ml. N\u00da\u00d1EZ DE PRADO. Producto ecol\u00f3gico y vegano seleccionado en supermercado espa\u00f1ol, ideal para una alimentaci\u00f3n consciente y saludable.<\/p>","protected":false},"featured_media":187676,"template":"","meta":[],"product_brand":[],"product_cat":[352],"product_tag":[],"class_list":{"0":"post-187675","1":"product","2":"type-product","3":"status-publish","4":"has-post-thumbnail","6":"product_cat-tu-despensa-ecologica","8":"first","9":"instock","10":"taxable","11":"shipping-taxable","12":"purchasable","13":"product-type-simple"},"jetpack_sharing_enabled":true,"_links":{"self":[{"href":"https:\/\/iber.market\/it\/wp-json\/wp\/v2\/product\/187675","targetHints":{"allow":["GET"]}}],"collection":[{"href":"https:\/\/iber.market\/it\/wp-json\/wp\/v2\/product"}],"about":[{"href":"https:\/\/iber.market\/it\/wp-json\/wp\/v2\/types\/product"}],"wp:featuredmedia":[{"embeddable":true,"href":"https:\/\/iber.market\/it\/wp-json\/wp\/v2\/media\/187676"}],"wp:attachment":[{"href":"https:\/\/iber.market\/it\/wp-json\/wp\/v2\/media?parent=187675"}],"wp:term":[{"taxonomy":"product_brand","embeddable":true,"href":"https:\/\/iber.market\/it\/wp-json\/wp\/v2\/product_brand?post=187675"},{"taxonomy":"product_cat","embeddable":true,"href":"https:\/\/iber.market\/it\/wp-json\/wp\/v2\/product_cat?post=187675"},{"taxonomy":"product_tag","embeddable":true,"href":"https:\/\/iber.market\/it\/wp-json\/wp\/v2\/product_tag?post=187675"}],"curies":[{"name":"wp","href":"https:\/\/api.w.org\/{rel}","templated":true}]}}