{"id":187570,"date":"2026-01-10T16:16:57","date_gmt":"2026-01-10T16:16:57","guid":{"rendered":"https:\/\/iber.market\/producto\/salsa-alioli-con-ajo-negro-bio-ecologica-sesmans-organic-240-ml\/"},"modified":"2026-01-10T16:16:57","modified_gmt":"2026-01-10T16:16:57","slug":"salsa-alioli-con-ajo-negro-bio-ecologica-sesmans-organic-240-ml","status":"publish","type":"product","link":"https:\/\/iber.market\/it\/product-2\/salsa-alioli-con-ajo-negro-bio-ecologica-sesmans-organic-240-ml\/","title":{"rendered":"Salsa aioli all'aglio nero biologica SESMANS ORGANIC 240 ml."},"content":{"rendered":"<p><strong>SESMANS ORGANIC Salsa alioli con ajo negro bio ecol\u00f3gica SESMANS ORGANIC 240 ml.<\/strong> del marchio <strong>SESMANS ORGANIC<\/strong> \u00e8 un prodotto appartenente alla categoria <em>Supermercato biologico &gt; La vostra dispensa biologica<\/em>, selezionati all'interno del supermercato biologico spagnolo.<\/p>\n<p>Questo prodotto \u00e8 pensato per chi segue una dieta vegana, biologica o a base vegetale, privilegiando ingredienti di qualit\u00e0, processi responsabili e un consumo pi\u00f9 sostenibile.<\/p>\n<p>Ideale per i clienti europei che desiderano acquistare prodotti biologici e vegani dalla Spagna con consegna internazionale, mantenendo l'essenza del supermercato spagnolo.<\/p>","protected":false},"excerpt":{"rendered":"<p>SESMANS ORGANIC Salsa alioli con ajo negro bio ecol\u00f3gica SESMANS ORGANIC 240 ml. SESMANS ORGANIC. Producto ecol\u00f3gico y vegano seleccionado en supermercado espa\u00f1ol, ideal para una alimentaci\u00f3n consciente y saludable.<\/p>","protected":false},"featured_media":187571,"template":"","meta":[],"product_brand":[],"product_cat":[352],"product_tag":[],"class_list":{"0":"post-187570","1":"product","2":"type-product","3":"status-publish","4":"has-post-thumbnail","6":"product_cat-tu-despensa-ecologica","8":"first","9":"instock","10":"taxable","11":"shipping-taxable","12":"purchasable","13":"product-type-simple"},"jetpack_sharing_enabled":true,"_links":{"self":[{"href":"https:\/\/iber.market\/it\/wp-json\/wp\/v2\/product\/187570","targetHints":{"allow":["GET"]}}],"collection":[{"href":"https:\/\/iber.market\/it\/wp-json\/wp\/v2\/product"}],"about":[{"href":"https:\/\/iber.market\/it\/wp-json\/wp\/v2\/types\/product"}],"wp:featuredmedia":[{"embeddable":true,"href":"https:\/\/iber.market\/it\/wp-json\/wp\/v2\/media\/187571"}],"wp:attachment":[{"href":"https:\/\/iber.market\/it\/wp-json\/wp\/v2\/media?parent=187570"}],"wp:term":[{"taxonomy":"product_brand","embeddable":true,"href":"https:\/\/iber.market\/it\/wp-json\/wp\/v2\/product_brand?post=187570"},{"taxonomy":"product_cat","embeddable":true,"href":"https:\/\/iber.market\/it\/wp-json\/wp\/v2\/product_cat?post=187570"},{"taxonomy":"product_tag","embeddable":true,"href":"https:\/\/iber.market\/it\/wp-json\/wp\/v2\/product_tag?post=187570"}],"curies":[{"name":"wp","href":"https:\/\/api.w.org\/{rel}","templated":true}]}}