{"id":187525,"date":"2026-01-10T16:16:48","date_gmt":"2026-01-10T16:16:48","guid":{"rendered":"https:\/\/iber.market\/producto\/atun-claro-en-aceite-de-oliva-ecologico-cabo-de-penas-156-g\/"},"modified":"2026-01-10T16:16:48","modified_gmt":"2026-01-10T16:16:48","slug":"atun-claro-en-aceite-de-oliva-ecologico-cabo-de-penas-156-g","status":"publish","type":"product","link":"https:\/\/iber.market\/it\/product-2\/atun-claro-en-aceite-de-oliva-ecologico-cabo-de-penas-156-g\/","title":{"rendered":"Tonno leggero in olio d'oliva biologico CABO DE PE\u00d1AS 156 g."},"content":{"rendered":"<p><strong>CABO DE PE\u00d1AS At\u00fan claro en aceite de oliva ecol\u00f3gico CABO DE PE\u00d1AS 156 g.<\/strong> del marchio <strong>CABO DE PE\u00d1AS<\/strong> \u00e8 un prodotto appartenente alla categoria <em>Supermercato biologico &gt; La vostra dispensa biologica<\/em>, selezionati all'interno del supermercato biologico spagnolo.<\/p>\n<p>Questo prodotto \u00e8 pensato per chi segue una dieta vegana, biologica o a base vegetale, privilegiando ingredienti di qualit\u00e0, processi responsabili e un consumo pi\u00f9 sostenibile.<\/p>\n<p>Ideale per i clienti europei che desiderano acquistare prodotti biologici e vegani dalla Spagna con consegna internazionale, mantenendo l'essenza del supermercato spagnolo.<\/p>","protected":false},"excerpt":{"rendered":"<p>CABO DE PE\u00d1AS At\u00fan claro en aceite de oliva ecol\u00f3gico CABO DE PE\u00d1AS 156 g. CABO DE PE\u00d1AS. Producto ecol\u00f3gico y vegano seleccionado en supermercado espa\u00f1ol, ideal para una alimentaci\u00f3n consciente y saludable.<\/p>","protected":false},"featured_media":187526,"template":"","meta":[],"product_brand":[],"product_cat":[352],"product_tag":[],"class_list":{"0":"post-187525","1":"product","2":"type-product","3":"status-publish","4":"has-post-thumbnail","6":"product_cat-tu-despensa-ecologica","8":"first","9":"instock","10":"taxable","11":"shipping-taxable","12":"purchasable","13":"product-type-simple"},"jetpack_sharing_enabled":true,"_links":{"self":[{"href":"https:\/\/iber.market\/it\/wp-json\/wp\/v2\/product\/187525","targetHints":{"allow":["GET"]}}],"collection":[{"href":"https:\/\/iber.market\/it\/wp-json\/wp\/v2\/product"}],"about":[{"href":"https:\/\/iber.market\/it\/wp-json\/wp\/v2\/types\/product"}],"wp:featuredmedia":[{"embeddable":true,"href":"https:\/\/iber.market\/it\/wp-json\/wp\/v2\/media\/187526"}],"wp:attachment":[{"href":"https:\/\/iber.market\/it\/wp-json\/wp\/v2\/media?parent=187525"}],"wp:term":[{"taxonomy":"product_brand","embeddable":true,"href":"https:\/\/iber.market\/it\/wp-json\/wp\/v2\/product_brand?post=187525"},{"taxonomy":"product_cat","embeddable":true,"href":"https:\/\/iber.market\/it\/wp-json\/wp\/v2\/product_cat?post=187525"},{"taxonomy":"product_tag","embeddable":true,"href":"https:\/\/iber.market\/it\/wp-json\/wp\/v2\/product_tag?post=187525"}],"curies":[{"name":"wp","href":"https:\/\/api.w.org\/{rel}","templated":true}]}}