{"id":187491,"date":"2026-01-10T16:16:42","date_gmt":"2026-01-10T16:16:42","guid":{"rendered":"https:\/\/iber.market\/producto\/bebida-de-avena-ecologica-sin-azucar-y-aptas-para-veganos-1-l\/"},"modified":"2026-01-18T15:24:08","modified_gmt":"2026-01-18T15:24:08","slug":"bebida-de-avena-ecologica-sin-azucar-y-aptas-para-veganos-1-l","status":"publish","type":"product","link":"https:\/\/iber.market\/it\/product-2\/bebida-de-avena-ecologica-sin-azucar-y-aptas-para-veganos-1-l\/","title":{"rendered":"Bevanda di avena biologica, senza zucchero e adatta ai vegani 1 l."},"content":{"rendered":"<p><strong>ECOCESTA Bebida de avena ecol\u00f3gica, sin az\u00facar y aptas para veganos 1 l.<\/strong> del marchio <strong>ECOCEST<\/strong> \u00e8 un prodotto appartenente alla categoria <em>Supermercato biologico &gt; Bevande biologiche<\/em>, selezionati all'interno del supermercato biologico spagnolo.<\/p>\n<p>Questo prodotto \u00e8 pensato per chi segue una dieta vegana, biologica o a base vegetale, privilegiando ingredienti di qualit\u00e0, processi responsabili e un consumo pi\u00f9 sostenibile.<\/p>\n<p>Ideale per i clienti europei che desiderano acquistare prodotti biologici e vegani dalla Spagna con consegna internazionale, mantenendo l'essenza del supermercato spagnolo.<\/p>","protected":false},"excerpt":{"rendered":"<p>ECOCESTA Bebida de avena ecol\u00f3gica, sin az\u00facar y aptas para veganos 1 l. ECOCESTA. Producto ecol\u00f3gico y vegano seleccionado en supermercado espa\u00f1ol, ideal para una alimentaci\u00f3n consciente y saludable.<\/p>","protected":false},"featured_media":187492,"template":"","meta":[],"product_brand":[],"product_cat":[353,359],"product_tag":[],"class_list":{"0":"post-187491","1":"product","2":"type-product","3":"status-publish","4":"has-post-thumbnail","6":"product_cat-bebidas-ecologicas","7":"product_cat-bebidas-veganas","9":"first","10":"instock","11":"taxable","12":"shipping-taxable","13":"purchasable","14":"product-type-simple"},"jetpack_sharing_enabled":true,"_links":{"self":[{"href":"https:\/\/iber.market\/it\/wp-json\/wp\/v2\/product\/187491","targetHints":{"allow":["GET"]}}],"collection":[{"href":"https:\/\/iber.market\/it\/wp-json\/wp\/v2\/product"}],"about":[{"href":"https:\/\/iber.market\/it\/wp-json\/wp\/v2\/types\/product"}],"wp:featuredmedia":[{"embeddable":true,"href":"https:\/\/iber.market\/it\/wp-json\/wp\/v2\/media\/187492"}],"wp:attachment":[{"href":"https:\/\/iber.market\/it\/wp-json\/wp\/v2\/media?parent=187491"}],"wp:term":[{"taxonomy":"product_brand","embeddable":true,"href":"https:\/\/iber.market\/it\/wp-json\/wp\/v2\/product_brand?post=187491"},{"taxonomy":"product_cat","embeddable":true,"href":"https:\/\/iber.market\/it\/wp-json\/wp\/v2\/product_cat?post=187491"},{"taxonomy":"product_tag","embeddable":true,"href":"https:\/\/iber.market\/it\/wp-json\/wp\/v2\/product_tag?post=187491"}],"curies":[{"name":"wp","href":"https:\/\/api.w.org\/{rel}","templated":true}]}}