{"id":13175,"date":"2025-08-22T18:55:34","date_gmt":"2025-08-22T18:55:34","guid":{"rendered":"https:\/\/lightgreen-hyena-937059.hostingersite.com\/?post_type=product&#038;p=13175"},"modified":"2025-10-04T06:36:41","modified_gmt":"2025-10-04T06:36:41","slug":"alimento-completo-para-canarios-y-jilgueros-granzoo","status":"publish","type":"product","link":"https:\/\/iber.market\/it\/product-2\/alimento-completo-para-canarios-y-jilgueros-granzoo\/","title":{"rendered":"Alimento completo para canarios y jilgueros Granzoo"},"content":{"rendered":"<p>Alimentos y snacks para p\u00e1jaros, elaborados para garantizar una dieta equilibrada y aportar la energ\u00eda que necesitan. Perfectos para canarios, periquitos y aves peque\u00f1as.<\/p>","protected":false},"excerpt":{"rendered":"<p>Alimentaci\u00f3n y snacks para p\u00e1jaros, con ingredientes seleccionados.<\/p>","protected":false},"featured_media":13176,"template":"","meta":[],"product_brand":[],"product_cat":[183],"product_tag":[],"class_list":{"0":"post-13175","1":"product","2":"type-product","3":"status-publish","4":"has-post-thumbnail","6":"product_cat-alimentacion","8":"first","9":"instock","10":"taxable","11":"shipping-taxable","12":"purchasable","13":"product-type-simple"},"jetpack_sharing_enabled":true,"_links":{"self":[{"href":"https:\/\/iber.market\/it\/wp-json\/wp\/v2\/product\/13175","targetHints":{"allow":["GET"]}}],"collection":[{"href":"https:\/\/iber.market\/it\/wp-json\/wp\/v2\/product"}],"about":[{"href":"https:\/\/iber.market\/it\/wp-json\/wp\/v2\/types\/product"}],"wp:featuredmedia":[{"embeddable":true,"href":"https:\/\/iber.market\/it\/wp-json\/wp\/v2\/media\/13176"}],"wp:attachment":[{"href":"https:\/\/iber.market\/it\/wp-json\/wp\/v2\/media?parent=13175"}],"wp:term":[{"taxonomy":"product_brand","embeddable":true,"href":"https:\/\/iber.market\/it\/wp-json\/wp\/v2\/product_brand?post=13175"},{"taxonomy":"product_cat","embeddable":true,"href":"https:\/\/iber.market\/it\/wp-json\/wp\/v2\/product_cat?post=13175"},{"taxonomy":"product_tag","embeddable":true,"href":"https:\/\/iber.market\/it\/wp-json\/wp\/v2\/product_tag?post=13175"}],"curies":[{"name":"wp","href":"https:\/\/api.w.org\/{rel}","templated":true}]}}