{"id":5022,"date":"2025-08-15T21:34:59","date_gmt":"2025-08-15T21:34:59","guid":{"rendered":"https:\/\/lightgreen-hyena-937059.hostingersite.com\/?post_type=product&#038;p=5022"},"modified":"2025-09-09T00:04:19","modified_gmt":"2025-09-09T00:04:19","slug":"queso-rallado-sin-lactosa-de-vaca","status":"publish","type":"product","link":"https:\/\/iber.market\/fr\/product\/queso-rallado-sin-lactosa-de-vaca\/","title":{"rendered":"Queso rallado sin lactosa de vaca"},"content":{"rendered":"<p>Queso rallado sin lactosa de vaca, un queso elaborado en Espa\u00f1a con sabor aut\u00e9ntico y vers\u00e1til. Perfecto para tapas, bocadillos o para disfrutar en familia.<\/p>","protected":false},"excerpt":{"rendered":"<p>Queso espa\u00f1ol Queso rallado sin lactosa de vaca, ideal para el d\u00eda a d\u00eda.<\/p>","protected":false},"featured_media":5023,"template":"","meta":[],"product_brand":[],"product_cat":[60],"product_tag":[],"class_list":{"0":"post-5022","1":"product","2":"type-product","3":"status-publish","4":"has-post-thumbnail","6":"product_cat-quesos-espanoles","8":"first","9":"instock","10":"taxable","11":"shipping-taxable","12":"purchasable","13":"product-type-simple"},"jetpack_sharing_enabled":true,"_links":{"self":[{"href":"https:\/\/iber.market\/fr\/wp-json\/wp\/v2\/product\/5022","targetHints":{"allow":["GET"]}}],"collection":[{"href":"https:\/\/iber.market\/fr\/wp-json\/wp\/v2\/product"}],"about":[{"href":"https:\/\/iber.market\/fr\/wp-json\/wp\/v2\/types\/product"}],"wp:featuredmedia":[{"embeddable":true,"href":"https:\/\/iber.market\/fr\/wp-json\/wp\/v2\/media\/5023"}],"wp:attachment":[{"href":"https:\/\/iber.market\/fr\/wp-json\/wp\/v2\/media?parent=5022"}],"wp:term":[{"taxonomy":"product_brand","embeddable":true,"href":"https:\/\/iber.market\/fr\/wp-json\/wp\/v2\/product_brand?post=5022"},{"taxonomy":"product_cat","embeddable":true,"href":"https:\/\/iber.market\/fr\/wp-json\/wp\/v2\/product_cat?post=5022"},{"taxonomy":"product_tag","embeddable":true,"href":"https:\/\/iber.market\/fr\/wp-json\/wp\/v2\/product_tag?post=5022"}],"curies":[{"name":"wp","href":"https:\/\/api.w.org\/{rel}","templated":true}]}}