{"id":4989,"date":"2025-08-15T21:32:04","date_gmt":"2025-08-15T21:32:04","guid":{"rendered":"https:\/\/lightgreen-hyena-937059.hostingersite.com\/?post_type=product&#038;p=4989"},"modified":"2025-10-04T05:50:38","modified_gmt":"2025-10-04T05:50:38","slug":"tranches-de-fromage-cheddar-de-vache","status":"publish","type":"product","link":"https:\/\/iber.market\/fr\/product\/tranches-de-fromage-cheddar-de-vache\/","title":{"rendered":"Tranches de cheddar de vache"},"content":{"rendered":"<p>Fromage cheddar de vache en tranches, un fromage fabriqu\u00e9 en Espagne \u00e0 la saveur authentique et polyvalente. Parfait pour les tapas, les en-cas ou \u00e0 d\u00e9guster en famille.<\/p>","protected":false},"excerpt":{"rendered":"<p>Fromage espagnol Fromage cheddar de vache en tranches, id\u00e9al pour un usage quotidien.<\/p>","protected":false},"featured_media":4990,"template":"","meta":[],"product_brand":[],"product_cat":[60],"product_tag":[],"class_list":{"0":"post-4989","1":"product","2":"type-product","3":"status-publish","4":"has-post-thumbnail","6":"product_cat-quesos-espanoles","8":"first","9":"instock","10":"taxable","11":"shipping-taxable","12":"purchasable","13":"product-type-simple"},"jetpack_sharing_enabled":true,"_links":{"self":[{"href":"https:\/\/iber.market\/fr\/wp-json\/wp\/v2\/product\/4989","targetHints":{"allow":["GET"]}}],"collection":[{"href":"https:\/\/iber.market\/fr\/wp-json\/wp\/v2\/product"}],"about":[{"href":"https:\/\/iber.market\/fr\/wp-json\/wp\/v2\/types\/product"}],"wp:featuredmedia":[{"embeddable":true,"href":"https:\/\/iber.market\/fr\/wp-json\/wp\/v2\/media\/4990"}],"wp:attachment":[{"href":"https:\/\/iber.market\/fr\/wp-json\/wp\/v2\/media?parent=4989"}],"wp:term":[{"taxonomy":"product_brand","embeddable":true,"href":"https:\/\/iber.market\/fr\/wp-json\/wp\/v2\/product_brand?post=4989"},{"taxonomy":"product_cat","embeddable":true,"href":"https:\/\/iber.market\/fr\/wp-json\/wp\/v2\/product_cat?post=4989"},{"taxonomy":"product_tag","embeddable":true,"href":"https:\/\/iber.market\/fr\/wp-json\/wp\/v2\/product_tag?post=4989"}],"curies":[{"name":"wp","href":"https:\/\/api.w.org\/{rel}","templated":true}]}}