{"id":201032,"date":"2026-03-03T14:17:30","date_gmt":"2026-03-03T14:17:30","guid":{"rendered":"https:\/\/iber.market\/producto\/cerveza-especial-estrella-galicia-4\/"},"modified":"2026-03-03T14:17:30","modified_gmt":"2026-03-03T14:17:30","slug":"estrella-galicia-biere-speciale-4","status":"publish","type":"product","link":"https:\/\/iber.market\/fr\/product\/estrella-galicia-biere-speciale-4\/","title":{"rendered":"Bi\u00e8re sp\u00e9ciale Estrella Galicia"},"content":{"rendered":"<p>La bi\u00e8re sp\u00e9ciale Estrella Galicia est une excellente option pour ceux qui recherchent des produits typiquement espagnols en Europe. Con\u00e7ue sp\u00e9cialement pour les expatri\u00e9s, les r\u00e9sidents europ\u00e9ens ou tout amateur de gastronomie et de boissons espagnoles, ce produit se distingue par sa qualit\u00e9, sa saveur authentique et sa tradition. Parfait pour partager, offrir ou d\u00e9guster \u00e0 la maison avec l'essence du style de vie espagnol.<\/p>","protected":false},"excerpt":{"rendered":"<p>La bi\u00e8re sp\u00e9ciale Estrella Galicia est id\u00e9ale pour appr\u00e9cier le go\u00fbt authentique de l'Espagne. Parfaite pour les expatri\u00e9s et les Europ\u00e9ens qui aiment la gastronomie et les boissons espagnoles.<\/p>","protected":false},"featured_media":201033,"template":"","meta":[],"product_brand":[],"product_cat":[47],"product_tag":[],"class_list":{"0":"post-201032","1":"product","2":"type-product","3":"status-publish","4":"has-post-thumbnail","6":"product_cat-cervezas-espanolas","8":"first","9":"instock","10":"taxable","11":"shipping-taxable","12":"purchasable","13":"product-type-simple"},"jetpack_sharing_enabled":true,"_links":{"self":[{"href":"https:\/\/iber.market\/fr\/wp-json\/wp\/v2\/product\/201032","targetHints":{"allow":["GET"]}}],"collection":[{"href":"https:\/\/iber.market\/fr\/wp-json\/wp\/v2\/product"}],"about":[{"href":"https:\/\/iber.market\/fr\/wp-json\/wp\/v2\/types\/product"}],"wp:featuredmedia":[{"embeddable":true,"href":"https:\/\/iber.market\/fr\/wp-json\/wp\/v2\/media\/201033"}],"wp:attachment":[{"href":"https:\/\/iber.market\/fr\/wp-json\/wp\/v2\/media?parent=201032"}],"wp:term":[{"taxonomy":"product_brand","embeddable":true,"href":"https:\/\/iber.market\/fr\/wp-json\/wp\/v2\/product_brand?post=201032"},{"taxonomy":"product_cat","embeddable":true,"href":"https:\/\/iber.market\/fr\/wp-json\/wp\/v2\/product_cat?post=201032"},{"taxonomy":"product_tag","embeddable":true,"href":"https:\/\/iber.market\/fr\/wp-json\/wp\/v2\/product_tag?post=201032"}],"curies":[{"name":"wp","href":"https:\/\/api.w.org\/{rel}","templated":true}]}}