{"id":200775,"date":"2026-03-02T21:58:49","date_gmt":"2026-03-02T21:58:49","guid":{"rendered":"https:\/\/iber.market\/producto\/golosinas-tubos-rellenos-hacendado-sabor-nata-y-fresa\/"},"modified":"2026-03-02T21:58:49","modified_gmt":"2026-03-02T21:58:49","slug":"golosinas-tubos-rellenos-hacendado-sabor-nata-y-fresa","status":"publish","type":"product","link":"https:\/\/iber.market\/fr\/product\/golosinas-tubos-rellenos-hacendado-sabor-nata-y-fresa\/","title":{"rendered":"Bonbons tubes fourr\u00e9s \u00e0 la cr\u00e8me et \u00e0 la fraise Hacendado"},"content":{"rendered":"<p>Golosinas tubos rellenos Hacendado sabor nata y fresa es una opci\u00f3n dentro de la tradici\u00f3n dulce espa\u00f1ola. Ideal para expatriados y amantes de la gastronom\u00eda espa\u00f1ola.<\/p>","protected":false},"excerpt":{"rendered":"<p>Golosinas tubos rellenos Hacendado sabor nata y fresa. Dulce espa\u00f1ol ideal para disfrutar del aut\u00e9ntico sabor de Espa\u00f1a en Europa.<\/p>","protected":false},"featured_media":200776,"template":"","meta":[],"product_brand":[],"product_cat":[93],"product_tag":[],"class_list":{"0":"post-200775","1":"product","2":"type-product","3":"status-publish","4":"has-post-thumbnail","6":"product_cat-azucar-y-caramelos","8":"first","9":"instock","10":"taxable","11":"shipping-taxable","12":"purchasable","13":"product-type-simple"},"jetpack_sharing_enabled":true,"_links":{"self":[{"href":"https:\/\/iber.market\/fr\/wp-json\/wp\/v2\/product\/200775","targetHints":{"allow":["GET"]}}],"collection":[{"href":"https:\/\/iber.market\/fr\/wp-json\/wp\/v2\/product"}],"about":[{"href":"https:\/\/iber.market\/fr\/wp-json\/wp\/v2\/types\/product"}],"wp:featuredmedia":[{"embeddable":true,"href":"https:\/\/iber.market\/fr\/wp-json\/wp\/v2\/media\/200776"}],"wp:attachment":[{"href":"https:\/\/iber.market\/fr\/wp-json\/wp\/v2\/media?parent=200775"}],"wp:term":[{"taxonomy":"product_brand","embeddable":true,"href":"https:\/\/iber.market\/fr\/wp-json\/wp\/v2\/product_brand?post=200775"},{"taxonomy":"product_cat","embeddable":true,"href":"https:\/\/iber.market\/fr\/wp-json\/wp\/v2\/product_cat?post=200775"},{"taxonomy":"product_tag","embeddable":true,"href":"https:\/\/iber.market\/fr\/wp-json\/wp\/v2\/product_tag?post=200775"}],"curies":[{"name":"wp","href":"https:\/\/api.w.org\/{rel}","templated":true}]}}