{"id":200752,"date":"2026-03-02T21:58:45","date_gmt":"2026-03-02T21:58:45","guid":{"rendered":"https:\/\/iber.market\/producto\/bebida-lactea-con-cereales-crecimiento-y-desarrollo-puleva-max\/"},"modified":"2026-03-02T21:58:46","modified_gmt":"2026-03-02T21:58:46","slug":"bebida-lactea-con-cereales-crecimiento-y-desarrollo-puleva-max","status":"publish","type":"product","link":"https:\/\/iber.market\/fr\/product\/bebida-lactea-con-cereales-crecimiento-y-desarrollo-puleva-max\/","title":{"rendered":"Boisson lact\u00e9e aux c\u00e9r\u00e9ales croissance et d\u00e9veloppement Puleva Max"},"content":{"rendered":"<p>Bebida l\u00e1ctea con cereales crecimiento y desarrollo Puleva Max es parte de la tradici\u00f3n dulce espa\u00f1ola. Ideal para expatriados y amantes de la gastronom\u00eda espa\u00f1ola en Europa.<\/p>","protected":false},"excerpt":{"rendered":"<p>Bebida l\u00e1ctea con cereales crecimiento y desarrollo Puleva Max. Dulce espa\u00f1ol ideal para disfrutar del aut\u00e9ntico sabor de Espa\u00f1a en Europa.<\/p>","protected":false},"featured_media":200753,"template":"","meta":[],"product_brand":[],"product_cat":[144],"product_tag":[],"class_list":{"0":"post-200752","1":"product","2":"type-product","3":"status-publish","4":"has-post-thumbnail","6":"product_cat-leche","8":"first","9":"instock","10":"taxable","11":"shipping-taxable","12":"purchasable","13":"product-type-simple"},"jetpack_sharing_enabled":true,"_links":{"self":[{"href":"https:\/\/iber.market\/fr\/wp-json\/wp\/v2\/product\/200752","targetHints":{"allow":["GET"]}}],"collection":[{"href":"https:\/\/iber.market\/fr\/wp-json\/wp\/v2\/product"}],"about":[{"href":"https:\/\/iber.market\/fr\/wp-json\/wp\/v2\/types\/product"}],"wp:featuredmedia":[{"embeddable":true,"href":"https:\/\/iber.market\/fr\/wp-json\/wp\/v2\/media\/200753"}],"wp:attachment":[{"href":"https:\/\/iber.market\/fr\/wp-json\/wp\/v2\/media?parent=200752"}],"wp:term":[{"taxonomy":"product_brand","embeddable":true,"href":"https:\/\/iber.market\/fr\/wp-json\/wp\/v2\/product_brand?post=200752"},{"taxonomy":"product_cat","embeddable":true,"href":"https:\/\/iber.market\/fr\/wp-json\/wp\/v2\/product_cat?post=200752"},{"taxonomy":"product_tag","embeddable":true,"href":"https:\/\/iber.market\/fr\/wp-json\/wp\/v2\/product_tag?post=200752"}],"curies":[{"name":"wp","href":"https:\/\/api.w.org\/{rel}","templated":true}]}}