{"id":200720,"date":"2026-03-02T12:31:51","date_gmt":"2026-03-02T12:31:51","guid":{"rendered":"https:\/\/iber.market\/producto\/boquerones-en-vinagre-hacendado-en-aceite-de-girasol\/"},"modified":"2026-03-02T12:31:51","modified_gmt":"2026-03-02T12:31:51","slug":"boquerones-en-vinagre-hacendado-en-aceite-de-girasol","status":"publish","type":"product","link":"https:\/\/iber.market\/fr\/product\/boquerones-en-vinagre-hacendado-en-aceite-de-girasol\/","title":{"rendered":"Boquerones en vinagre Hacendado en aceite de girasol"},"content":{"rendered":"<p>Boquerones en vinagre Hacendado en aceite de girasol pertenece a la tradici\u00f3n del pescado en salaz\u00f3n espa\u00f1ol, t\u00e9cnica ancestral que realza el sabor y permite su conservaci\u00f3n natural.<\/p>\n<p>Ideal para expatriados espa\u00f1oles y amantes de la gastronom\u00eda mediterr\u00e1nea en Europa.<\/p>","protected":false},"excerpt":{"rendered":"<p>Boquerones en vinagre Hacendado en aceite de girasol. Producto tradicional de pescado en salaz\u00f3n espa\u00f1ol con sabor mediterr\u00e1neo aut\u00e9ntico.<\/p>","protected":false},"featured_media":200721,"template":"","meta":[],"product_brand":[],"product_cat":[167],"product_tag":[],"class_list":{"0":"post-200720","1":"product","2":"type-product","3":"status-publish","4":"has-post-thumbnail","6":"product_cat-pescado-en-salazon","8":"first","9":"instock","10":"taxable","11":"shipping-taxable","12":"purchasable","13":"product-type-simple"},"jetpack_sharing_enabled":true,"_links":{"self":[{"href":"https:\/\/iber.market\/fr\/wp-json\/wp\/v2\/product\/200720","targetHints":{"allow":["GET"]}}],"collection":[{"href":"https:\/\/iber.market\/fr\/wp-json\/wp\/v2\/product"}],"about":[{"href":"https:\/\/iber.market\/fr\/wp-json\/wp\/v2\/types\/product"}],"wp:featuredmedia":[{"embeddable":true,"href":"https:\/\/iber.market\/fr\/wp-json\/wp\/v2\/media\/200721"}],"wp:attachment":[{"href":"https:\/\/iber.market\/fr\/wp-json\/wp\/v2\/media?parent=200720"}],"wp:term":[{"taxonomy":"product_brand","embeddable":true,"href":"https:\/\/iber.market\/fr\/wp-json\/wp\/v2\/product_brand?post=200720"},{"taxonomy":"product_cat","embeddable":true,"href":"https:\/\/iber.market\/fr\/wp-json\/wp\/v2\/product_cat?post=200720"},{"taxonomy":"product_tag","embeddable":true,"href":"https:\/\/iber.market\/fr\/wp-json\/wp\/v2\/product_tag?post=200720"}],"curies":[{"name":"wp","href":"https:\/\/api.w.org\/{rel}","templated":true}]}}