{"id":200655,"date":"2026-03-02T12:24:59","date_gmt":"2026-03-02T12:24:59","guid":{"rendered":"https:\/\/iber.market\/producto\/sticks-jalea-real-y-propolis-deliplus\/"},"modified":"2026-03-02T12:24:59","modified_gmt":"2026-03-02T12:24:59","slug":"sticks-jalea-real-y-propolis-deliplus","status":"publish","type":"product","link":"https:\/\/iber.market\/fr\/product\/sticks-jalea-real-y-propolis-deliplus\/","title":{"rendered":"Sticks Jalea Real y Pr\u00f3polis Deliplus"},"content":{"rendered":"<p>Sticks Jalea Real y Pr\u00f3polis Deliplus es un producto tradicional dentro de la fitoterapia espa\u00f1ola. Consumido habitualmente como complemento alimenticio, es ideal para expatriados que desean mantener productos de confianza fuera de Espa\u00f1a.<\/p>\n<p>Producto de parafarmacia con est\u00e1ndares europeos.<\/p>","protected":false},"excerpt":{"rendered":"<p>Sticks Jalea Real y Pr\u00f3polis Deliplus. Jalea real de calidad espa\u00f1ola para complementar tu alimentaci\u00f3n diaria.<\/p>","protected":false},"featured_media":200656,"template":"","meta":[],"product_brand":[],"product_cat":[146],"product_tag":[],"class_list":{"0":"post-200655","1":"product","2":"type-product","3":"status-publish","4":"has-post-thumbnail","6":"product_cat-fitoterapia-y-parafarmacia","8":"first","9":"instock","10":"taxable","11":"shipping-taxable","12":"purchasable","13":"product-type-simple"},"jetpack_sharing_enabled":true,"_links":{"self":[{"href":"https:\/\/iber.market\/fr\/wp-json\/wp\/v2\/product\/200655","targetHints":{"allow":["GET"]}}],"collection":[{"href":"https:\/\/iber.market\/fr\/wp-json\/wp\/v2\/product"}],"about":[{"href":"https:\/\/iber.market\/fr\/wp-json\/wp\/v2\/types\/product"}],"wp:featuredmedia":[{"embeddable":true,"href":"https:\/\/iber.market\/fr\/wp-json\/wp\/v2\/media\/200656"}],"wp:attachment":[{"href":"https:\/\/iber.market\/fr\/wp-json\/wp\/v2\/media?parent=200655"}],"wp:term":[{"taxonomy":"product_brand","embeddable":true,"href":"https:\/\/iber.market\/fr\/wp-json\/wp\/v2\/product_brand?post=200655"},{"taxonomy":"product_cat","embeddable":true,"href":"https:\/\/iber.market\/fr\/wp-json\/wp\/v2\/product_cat?post=200655"},{"taxonomy":"product_tag","embeddable":true,"href":"https:\/\/iber.market\/fr\/wp-json\/wp\/v2\/product_tag?post=200655"}],"curies":[{"name":"wp","href":"https:\/\/api.w.org\/{rel}","templated":true}]}}