{"id":200600,"date":"2026-03-02T12:24:54","date_gmt":"2026-03-02T12:24:54","guid":{"rendered":"https:\/\/iber.market\/producto\/bandas-adhesivas-fijacion-fuerte-color-beige-deliplus-para-cortar\/"},"modified":"2026-03-02T12:24:54","modified_gmt":"2026-03-02T12:24:54","slug":"bandas-adhesivas-fijacion-fuerte-color-beige-deliplus-para-cortar","status":"publish","type":"product","link":"https:\/\/iber.market\/fr\/product\/bandas-adhesivas-fijacion-fuerte-color-beige-deliplus-para-cortar\/","title":{"rendered":"Bandas adhesivas fijaci\u00f3n fuerte color beige Deliplus para cortar"},"content":{"rendered":"<p>Bandas adhesivas fijaci\u00f3n fuerte color beige Deliplus para cortar es una infusi\u00f3n dentro de la tradici\u00f3n herbal espa\u00f1ola. Perfecta para quienes viven fuera de Espa\u00f1a y desean mantener peque\u00f1os h\u00e1bitos cotidianos con productos familiares.<\/p>\n<p>Producto de fitoterapia elaborado bajo est\u00e1ndares europeos.<\/p>","protected":false},"excerpt":{"rendered":"<p>Bandas adhesivas fijaci\u00f3n fuerte color beige Deliplus para cortar. Infusi\u00f3n espa\u00f1ola ideal para tu rutina de bienestar diario.<\/p>","protected":false},"featured_media":200601,"template":"","meta":[],"product_brand":[],"product_cat":[146],"product_tag":[],"class_list":{"0":"post-200600","1":"product","2":"type-product","3":"status-publish","4":"has-post-thumbnail","6":"product_cat-fitoterapia-y-parafarmacia","8":"first","9":"instock","10":"taxable","11":"shipping-taxable","12":"purchasable","13":"product-type-simple"},"jetpack_sharing_enabled":true,"_links":{"self":[{"href":"https:\/\/iber.market\/fr\/wp-json\/wp\/v2\/product\/200600","targetHints":{"allow":["GET"]}}],"collection":[{"href":"https:\/\/iber.market\/fr\/wp-json\/wp\/v2\/product"}],"about":[{"href":"https:\/\/iber.market\/fr\/wp-json\/wp\/v2\/types\/product"}],"wp:featuredmedia":[{"embeddable":true,"href":"https:\/\/iber.market\/fr\/wp-json\/wp\/v2\/media\/200601"}],"wp:attachment":[{"href":"https:\/\/iber.market\/fr\/wp-json\/wp\/v2\/media?parent=200600"}],"wp:term":[{"taxonomy":"product_brand","embeddable":true,"href":"https:\/\/iber.market\/fr\/wp-json\/wp\/v2\/product_brand?post=200600"},{"taxonomy":"product_cat","embeddable":true,"href":"https:\/\/iber.market\/fr\/wp-json\/wp\/v2\/product_cat?post=200600"},{"taxonomy":"product_tag","embeddable":true,"href":"https:\/\/iber.market\/fr\/wp-json\/wp\/v2\/product_tag?post=200600"}],"curies":[{"name":"wp","href":"https:\/\/api.w.org\/{rel}","templated":true}]}}