{"id":200203,"date":"2026-03-02T06:17:39","date_gmt":"2026-03-02T06:17:39","guid":{"rendered":"https:\/\/iber.market\/producto\/patatas-light-hacendado\/"},"modified":"2026-03-02T06:17:40","modified_gmt":"2026-03-02T06:17:40","slug":"hacendado-pommes-de-terre-legeres","status":"publish","type":"product","link":"https:\/\/iber.market\/fr\/product\/hacendado-pommes-de-terre-legeres\/","title":{"rendered":"Pommes de terre l\u00e9g\u00e8res Hacendado"},"content":{"rendered":"<p>Les Patatas light Hacendado sont un produit embl\u00e9matique de l'Espagne. Il est id\u00e9al pour les Espagnols qui vivent en dehors de l'Espagne et qui souhaitent conserver le go\u00fbt de leur pays, ainsi que pour les Europ\u00e9ens qui souhaitent d\u00e9couvrir l'authentique gastronomie m\u00e9diterran\u00e9enne.<\/p>\n<p>Ce produit appartient \u00e0 la cat\u00e9gorie des ap\u00e9ritifs et est id\u00e9al pour partager, accompagner des vins ou des bi\u00e8res, ou faire partie d'un plateau d'ap\u00e9ritifs \u00e0 l'espagnole. Sa qualit\u00e9 et sa saveur repr\u00e9sentent le v\u00e9ritable caract\u00e8re culinaire de l'Espagne.<\/p>\n<p>Si vous souhaitez acheter des olives, des cornichons, des noix et des en-cas espagnols en ligne en Europe, Patatas light Hacendado est un excellent choix pour savourer un authentique \u2018go\u00fbt d'Espagne\u2019.<\/p>","protected":false},"excerpt":{"rendered":"<p>Pommes de terre l\u00e9g\u00e8res Hacendado. En-cas espagnol id\u00e9al pour les expatri\u00e9s et les amateurs de saveurs m\u00e9diterran\u00e9ennes authentiques en Europe.<\/p>","protected":false},"featured_media":200204,"template":"","meta":[],"product_brand":[],"product_cat":[66],"product_tag":[],"class_list":{"0":"post-200203","1":"product","2":"type-product","3":"status-publish","4":"has-post-thumbnail","6":"product_cat-frutos-secos-y-snacks","8":"first","9":"instock","10":"taxable","11":"shipping-taxable","12":"purchasable","13":"product-type-simple"},"jetpack_sharing_enabled":true,"_links":{"self":[{"href":"https:\/\/iber.market\/fr\/wp-json\/wp\/v2\/product\/200203","targetHints":{"allow":["GET"]}}],"collection":[{"href":"https:\/\/iber.market\/fr\/wp-json\/wp\/v2\/product"}],"about":[{"href":"https:\/\/iber.market\/fr\/wp-json\/wp\/v2\/types\/product"}],"wp:featuredmedia":[{"embeddable":true,"href":"https:\/\/iber.market\/fr\/wp-json\/wp\/v2\/media\/200204"}],"wp:attachment":[{"href":"https:\/\/iber.market\/fr\/wp-json\/wp\/v2\/media?parent=200203"}],"wp:term":[{"taxonomy":"product_brand","embeddable":true,"href":"https:\/\/iber.market\/fr\/wp-json\/wp\/v2\/product_brand?post=200203"},{"taxonomy":"product_cat","embeddable":true,"href":"https:\/\/iber.market\/fr\/wp-json\/wp\/v2\/product_cat?post=200203"},{"taxonomy":"product_tag","embeddable":true,"href":"https:\/\/iber.market\/fr\/wp-json\/wp\/v2\/product_tag?post=200203"}],"curies":[{"name":"wp","href":"https:\/\/api.w.org\/{rel}","templated":true}]}}