{"id":200125,"date":"2026-03-02T06:17:20","date_gmt":"2026-03-02T06:17:20","guid":{"rendered":"https:\/\/iber.market\/producto\/snack-de-maiz-stars-sabor-mantequilla-hacendado\/"},"modified":"2026-03-02T06:17:21","modified_gmt":"2026-03-02T06:17:21","slug":"snack-de-maiz-stars-sabor-mantequilla-hacendado","status":"publish","type":"product","link":"https:\/\/iber.market\/fr\/product\/snack-de-maiz-stars-sabor-mantequilla-hacendado\/","title":{"rendered":"Hacendado Stars : snacks de ma\u00efs aromatis\u00e9s au beurre"},"content":{"rendered":"<p>Snack de ma\u00edz Stars sabor mantequilla Hacendado es un producto emblem\u00e1tico del aperitivo espa\u00f1ol. Perfecto para espa\u00f1oles que viven fuera de Espa\u00f1a y desean mantener el sabor de casa, as\u00ed como para europeos que buscan descubrir la aut\u00e9ntica gastronom\u00eda mediterr\u00e1nea.<\/p>\n<p>Ce produit appartient \u00e0 la cat\u00e9gorie des ap\u00e9ritifs et est id\u00e9al pour partager, accompagner des vins ou des bi\u00e8res, ou faire partie d'un plateau d'ap\u00e9ritifs \u00e0 l'espagnole. Sa qualit\u00e9 et sa saveur repr\u00e9sentent le v\u00e9ritable caract\u00e8re culinaire de l'Espagne.<\/p>\n<p>Si quieres comprar aceitunas, encurtidos, frutos secos y snacks espa\u00f1oles online en Europa, Snack de ma\u00edz Stars sabor mantequilla Hacendado es una excelente elecci\u00f3n para disfrutar de un aut\u00e9ntico &#8216;taste of Spain&#8217;.<\/p>","protected":false},"excerpt":{"rendered":"<p>Snack de ma\u00edz Stars sabor mantequilla Hacendado. Aperitivo espa\u00f1ol ideal para expatriados y amantes del aut\u00e9ntico sabor mediterr\u00e1neo en Europa.<\/p>","protected":false},"featured_media":200126,"template":"","meta":[],"product_brand":[],"product_cat":[66],"product_tag":[],"class_list":{"0":"post-200125","1":"product","2":"type-product","3":"status-publish","4":"has-post-thumbnail","6":"product_cat-frutos-secos-y-snacks","8":"first","9":"instock","10":"taxable","11":"shipping-taxable","12":"purchasable","13":"product-type-simple"},"jetpack_sharing_enabled":true,"_links":{"self":[{"href":"https:\/\/iber.market\/fr\/wp-json\/wp\/v2\/product\/200125","targetHints":{"allow":["GET"]}}],"collection":[{"href":"https:\/\/iber.market\/fr\/wp-json\/wp\/v2\/product"}],"about":[{"href":"https:\/\/iber.market\/fr\/wp-json\/wp\/v2\/types\/product"}],"wp:featuredmedia":[{"embeddable":true,"href":"https:\/\/iber.market\/fr\/wp-json\/wp\/v2\/media\/200126"}],"wp:attachment":[{"href":"https:\/\/iber.market\/fr\/wp-json\/wp\/v2\/media?parent=200125"}],"wp:term":[{"taxonomy":"product_brand","embeddable":true,"href":"https:\/\/iber.market\/fr\/wp-json\/wp\/v2\/product_brand?post=200125"},{"taxonomy":"product_cat","embeddable":true,"href":"https:\/\/iber.market\/fr\/wp-json\/wp\/v2\/product_cat?post=200125"},{"taxonomy":"product_tag","embeddable":true,"href":"https:\/\/iber.market\/fr\/wp-json\/wp\/v2\/product_tag?post=200125"}],"curies":[{"name":"wp","href":"https:\/\/api.w.org\/{rel}","templated":true}]}}