{"id":197046,"date":"2026-02-24T03:50:57","date_gmt":"2026-02-24T03:50:57","guid":{"rendered":"https:\/\/iber.market\/producto\/quitaesmalte-0-acetona-deliplus\/"},"modified":"2026-02-24T03:50:57","modified_gmt":"2026-02-24T03:50:57","slug":"quitaesmalte-0-acetona-deliplus","status":"publish","type":"product","link":"https:\/\/iber.market\/fr\/product\/quitaesmalte-0-acetona-deliplus\/","title":{"rendered":"Dissolvant pour vernis \u00e0 ongles 0% ac\u00e9tone Deliplus"},"content":{"rendered":"<p>Quitaesmalte 0% acetona Deliplus es una excelente opci\u00f3n para quienes viven fuera de Espa\u00f1a y quieren seguir utilizando productos de higiene y cuidado personal similares a los que se encuentran habitualmente en el mercado espa\u00f1ol. Pensado para expatriados espa\u00f1oles en Europa y consumidores que valoran la calidad y tradici\u00f3n de los productos espa\u00f1oles, ofreciendo comodidad y confianza en el cuidado diario.<\/p>","protected":false},"excerpt":{"rendered":"<p>Quitaesmalte 0% acetona Deliplus con calidad inspirada en el cuidado personal habitual en Espa\u00f1a. Ideal para expatriados en Europa y amantes de los productos espa\u00f1oles.<\/p>","protected":false},"featured_media":197047,"template":"","meta":[],"product_brand":[],"product_cat":[367],"product_tag":[],"class_list":{"0":"post-197046","1":"product","2":"type-product","3":"status-publish","4":"has-post-thumbnail","6":"product_cat-manicura-y-pedicura","8":"first","9":"instock","10":"taxable","11":"shipping-taxable","12":"purchasable","13":"product-type-simple"},"jetpack_sharing_enabled":true,"_links":{"self":[{"href":"https:\/\/iber.market\/fr\/wp-json\/wp\/v2\/product\/197046","targetHints":{"allow":["GET"]}}],"collection":[{"href":"https:\/\/iber.market\/fr\/wp-json\/wp\/v2\/product"}],"about":[{"href":"https:\/\/iber.market\/fr\/wp-json\/wp\/v2\/types\/product"}],"wp:featuredmedia":[{"embeddable":true,"href":"https:\/\/iber.market\/fr\/wp-json\/wp\/v2\/media\/197047"}],"wp:attachment":[{"href":"https:\/\/iber.market\/fr\/wp-json\/wp\/v2\/media?parent=197046"}],"wp:term":[{"taxonomy":"product_brand","embeddable":true,"href":"https:\/\/iber.market\/fr\/wp-json\/wp\/v2\/product_brand?post=197046"},{"taxonomy":"product_cat","embeddable":true,"href":"https:\/\/iber.market\/fr\/wp-json\/wp\/v2\/product_cat?post=197046"},{"taxonomy":"product_tag","embeddable":true,"href":"https:\/\/iber.market\/fr\/wp-json\/wp\/v2\/product_tag?post=197046"}],"curies":[{"name":"wp","href":"https:\/\/api.w.org\/{rel}","templated":true}]}}