{"id":196454,"date":"2026-02-23T17:16:56","date_gmt":"2026-02-23T17:16:56","guid":{"rendered":"https:\/\/iber.market\/producto\/te-chai-hacendado\/"},"modified":"2026-02-23T17:16:56","modified_gmt":"2026-02-23T17:16:56","slug":"hacendado-chai-tea","status":"publish","type":"product","link":"https:\/\/iber.market\/fr\/product\/hacendado-chai-tea\/","title":{"rendered":"Th\u00e9 Chai Hacendado"},"content":{"rendered":"<p>Hacendado Chai Tea est parfait pour ceux qui vivent en dehors de l'Espagne et qui souhaitent continuer \u00e0 appr\u00e9cier les saveurs habituelles du caf\u00e9, du cacao et des infusions pr\u00e9sentes dans la culture gastronomique espagnole. Id\u00e9al pour les petits-d\u00e9jeuners, les pauses ou les moments de d\u00e9tente tout en maintenant le lien avec l'Espagne. Une option con\u00e7ue pour les expatri\u00e9s espagnols et les consommateurs europ\u00e9ens qui appr\u00e9cient les produits alimentaires typiquement espagnols.<\/p>","protected":false},"excerpt":{"rendered":"<p>Th\u00e9 Chai Hacendado \u00e0 l'authentique saveur espagnole. Id\u00e9al pour les expatri\u00e9s en Europe et les amateurs de cuisine espagnole \u00e0 la recherche de produits traditionnels.<\/p>","protected":false},"featured_media":196455,"template":"","meta":[],"product_brand":[],"product_cat":[113],"product_tag":[],"class_list":{"0":"post-196454","1":"product","2":"type-product","3":"status-publish","4":"has-post-thumbnail","6":"product_cat-te-e-infusiones","8":"first","9":"instock","10":"taxable","11":"shipping-taxable","12":"purchasable","13":"product-type-simple"},"jetpack_sharing_enabled":true,"_links":{"self":[{"href":"https:\/\/iber.market\/fr\/wp-json\/wp\/v2\/product\/196454","targetHints":{"allow":["GET"]}}],"collection":[{"href":"https:\/\/iber.market\/fr\/wp-json\/wp\/v2\/product"}],"about":[{"href":"https:\/\/iber.market\/fr\/wp-json\/wp\/v2\/types\/product"}],"wp:featuredmedia":[{"embeddable":true,"href":"https:\/\/iber.market\/fr\/wp-json\/wp\/v2\/media\/196455"}],"wp:attachment":[{"href":"https:\/\/iber.market\/fr\/wp-json\/wp\/v2\/media?parent=196454"}],"wp:term":[{"taxonomy":"product_brand","embeddable":true,"href":"https:\/\/iber.market\/fr\/wp-json\/wp\/v2\/product_brand?post=196454"},{"taxonomy":"product_cat","embeddable":true,"href":"https:\/\/iber.market\/fr\/wp-json\/wp\/v2\/product_cat?post=196454"},{"taxonomy":"product_tag","embeddable":true,"href":"https:\/\/iber.market\/fr\/wp-json\/wp\/v2\/product_tag?post=196454"}],"curies":[{"name":"wp","href":"https:\/\/api.w.org\/{rel}","templated":true}]}}