{"id":195476,"date":"2026-02-21T22:28:31","date_gmt":"2026-02-21T22:28:31","guid":{"rendered":"https:\/\/iber.market\/producto\/agua-mineral-con-gas-grande-fonter\/"},"modified":"2026-02-21T22:28:32","modified_gmt":"2026-02-21T22:28:32","slug":"eau-minerale-gazeuse-fonter-large","status":"publish","type":"product","link":"https:\/\/iber.market\/fr\/product\/eau-minerale-gazeuse-fonter-large\/","title":{"rendered":"Eau min\u00e9rale gazeuse Fonter large"},"content":{"rendered":"<p>L'eau min\u00e9rale gazeuse Fonter est un choix parfait pour ceux qui veulent continuer \u00e0 profiter des saveurs traditionnelles de l'Espagne tout en vivant en Europe ou pour tous ceux qui appr\u00e9cient la cuisine espagnole. Son format de bouteille la rend pratique pour un usage quotidien, des r\u00e9unions ou une consommation r\u00e9guli\u00e8re. Un produit con\u00e7u pour maintenir le lien avec la gastronomie espagnole, facile \u00e0 int\u00e9grer dans les achats internationaux et avec le caract\u00e8re des produits habituellement consomm\u00e9s en Espagne.<\/p>","protected":false},"excerpt":{"rendered":"<p>Savourez la grande eau min\u00e9rale p\u00e9tillante Fonter au go\u00fbt authentiquement espagnol. Id\u00e9ale pour les expatri\u00e9s et les amateurs de gastronomie espagnole en Europe. Format de la bouteille.<\/p>","protected":false},"featured_media":195477,"template":"","meta":[],"product_brand":[],"product_cat":[67],"product_tag":[],"class_list":{"0":"post-195476","1":"product","2":"type-product","3":"status-publish","4":"has-post-thumbnail","6":"product_cat-agua","8":"first","9":"instock","10":"taxable","11":"shipping-taxable","12":"purchasable","13":"product-type-simple"},"jetpack_sharing_enabled":true,"_links":{"self":[{"href":"https:\/\/iber.market\/fr\/wp-json\/wp\/v2\/product\/195476","targetHints":{"allow":["GET"]}}],"collection":[{"href":"https:\/\/iber.market\/fr\/wp-json\/wp\/v2\/product"}],"about":[{"href":"https:\/\/iber.market\/fr\/wp-json\/wp\/v2\/types\/product"}],"wp:featuredmedia":[{"embeddable":true,"href":"https:\/\/iber.market\/fr\/wp-json\/wp\/v2\/media\/195477"}],"wp:attachment":[{"href":"https:\/\/iber.market\/fr\/wp-json\/wp\/v2\/media?parent=195476"}],"wp:term":[{"taxonomy":"product_brand","embeddable":true,"href":"https:\/\/iber.market\/fr\/wp-json\/wp\/v2\/product_brand?post=195476"},{"taxonomy":"product_cat","embeddable":true,"href":"https:\/\/iber.market\/fr\/wp-json\/wp\/v2\/product_cat?post=195476"},{"taxonomy":"product_tag","embeddable":true,"href":"https:\/\/iber.market\/fr\/wp-json\/wp\/v2\/product_tag?post=195476"}],"curies":[{"name":"wp","href":"https:\/\/api.w.org\/{rel}","templated":true}]}}