{"id":195420,"date":"2026-02-21T22:28:17","date_gmt":"2026-02-21T22:28:17","guid":{"rendered":"https:\/\/iber.market\/producto\/bebida-isotonica-iso-on-blue-hacendado-2\/"},"modified":"2026-02-21T22:28:17","modified_gmt":"2026-02-21T22:28:17","slug":"bebida-isotonica-iso-on-blue-hacendado-2","status":"publish","type":"product","link":"https:\/\/iber.market\/fr\/product\/bebida-isotonica-iso-on-blue-hacendado-2\/","title":{"rendered":"Boisson isotonique Iso On blue Hacendado"},"content":{"rendered":"<p>La boisson isotonique Iso On blue Hacendado est une option parfaite pour ceux qui veulent continuer \u00e0 profiter des saveurs traditionnelles de l'Espagne tout en vivant en Europe ou pour tous ceux qui appr\u00e9cient la cuisine espagnole. Son format en bouteille la rend pratique pour un usage quotidien, des r\u00e9unions ou une consommation r\u00e9guli\u00e8re. Un produit con\u00e7u pour maintenir le lien avec la gastronomie espagnole, facile \u00e0 int\u00e9grer dans les achats internationaux et avec le caract\u00e8re des produits habituellement consomm\u00e9s en Espagne.<\/p>","protected":false},"excerpt":{"rendered":"<p>Savourez la boisson isotonique Iso On blue Hacendado au go\u00fbt authentiquement espagnol. Id\u00e9ale pour les expatri\u00e9s et les amateurs de cuisine espagnole en Europe. Format de la bouteille.<\/p>","protected":false},"featured_media":195421,"template":"","meta":[],"product_brand":[],"product_cat":[68],"product_tag":[],"class_list":{"0":"post-195420","1":"product","2":"type-product","3":"status-publish","4":"has-post-thumbnail","6":"product_cat-isotonicas-y-energeticas","8":"first","9":"instock","10":"taxable","11":"shipping-taxable","12":"purchasable","13":"product-type-simple"},"jetpack_sharing_enabled":true,"_links":{"self":[{"href":"https:\/\/iber.market\/fr\/wp-json\/wp\/v2\/product\/195420","targetHints":{"allow":["GET"]}}],"collection":[{"href":"https:\/\/iber.market\/fr\/wp-json\/wp\/v2\/product"}],"about":[{"href":"https:\/\/iber.market\/fr\/wp-json\/wp\/v2\/types\/product"}],"wp:featuredmedia":[{"embeddable":true,"href":"https:\/\/iber.market\/fr\/wp-json\/wp\/v2\/media\/195421"}],"wp:attachment":[{"href":"https:\/\/iber.market\/fr\/wp-json\/wp\/v2\/media?parent=195420"}],"wp:term":[{"taxonomy":"product_brand","embeddable":true,"href":"https:\/\/iber.market\/fr\/wp-json\/wp\/v2\/product_brand?post=195420"},{"taxonomy":"product_cat","embeddable":true,"href":"https:\/\/iber.market\/fr\/wp-json\/wp\/v2\/product_cat?post=195420"},{"taxonomy":"product_tag","embeddable":true,"href":"https:\/\/iber.market\/fr\/wp-json\/wp\/v2\/product_tag?post=195420"}],"curies":[{"name":"wp","href":"https:\/\/api.w.org\/{rel}","templated":true}]}}