{"id":195384,"date":"2026-02-21T22:28:12","date_gmt":"2026-02-21T22:28:12","guid":{"rendered":"https:\/\/iber.market\/producto\/bebida-energetica-red-bull-2\/"},"modified":"2026-02-21T22:28:12","modified_gmt":"2026-02-21T22:28:12","slug":"boisson-energetique-red-bull-2","status":"publish","type":"product","link":"https:\/\/iber.market\/fr\/product\/boisson-energetique-red-bull-2\/","title":{"rendered":"Boisson \u00e9nerg\u00e9tique Red Bull"},"content":{"rendered":"<p>La boisson \u00e9nerg\u00e9tique Red Bull est un choix parfait pour ceux qui veulent continuer \u00e0 profiter des saveurs habituelles de l'Espagne tout en vivant en Europe ou pour tous ceux qui appr\u00e9cient la cuisine espagnole. Son format de 6 packs la rend pratique pour une utilisation quotidienne, des r\u00e9unions ou une consommation r\u00e9guli\u00e8re. Un produit con\u00e7u pour maintenir le lien avec la gastronomie espagnole, facile \u00e0 int\u00e9grer dans les achats internationaux et avec le caract\u00e8re des produits habituellement consomm\u00e9s en Espagne.<\/p>","protected":false},"excerpt":{"rendered":"<p>Savourez la boisson \u00e9nergisante Red Bull avec une authentique saveur espagnole. Id\u00e9al pour les expatri\u00e9s et les amateurs de cuisine espagnole en Europe. Format de 6 paquets.<\/p>","protected":false},"featured_media":195385,"template":"","meta":[],"product_brand":[],"product_cat":[68],"product_tag":[],"class_list":{"0":"post-195384","1":"product","2":"type-product","3":"status-publish","4":"has-post-thumbnail","6":"product_cat-isotonicas-y-energeticas","8":"first","9":"instock","10":"taxable","11":"shipping-taxable","12":"purchasable","13":"product-type-simple"},"jetpack_sharing_enabled":true,"_links":{"self":[{"href":"https:\/\/iber.market\/fr\/wp-json\/wp\/v2\/product\/195384","targetHints":{"allow":["GET"]}}],"collection":[{"href":"https:\/\/iber.market\/fr\/wp-json\/wp\/v2\/product"}],"about":[{"href":"https:\/\/iber.market\/fr\/wp-json\/wp\/v2\/types\/product"}],"wp:featuredmedia":[{"embeddable":true,"href":"https:\/\/iber.market\/fr\/wp-json\/wp\/v2\/media\/195385"}],"wp:attachment":[{"href":"https:\/\/iber.market\/fr\/wp-json\/wp\/v2\/media?parent=195384"}],"wp:term":[{"taxonomy":"product_brand","embeddable":true,"href":"https:\/\/iber.market\/fr\/wp-json\/wp\/v2\/product_brand?post=195384"},{"taxonomy":"product_cat","embeddable":true,"href":"https:\/\/iber.market\/fr\/wp-json\/wp\/v2\/product_cat?post=195384"},{"taxonomy":"product_tag","embeddable":true,"href":"https:\/\/iber.market\/fr\/wp-json\/wp\/v2\/product_tag?post=195384"}],"curies":[{"name":"wp","href":"https:\/\/api.w.org\/{rel}","templated":true}]}}