{"id":194724,"date":"2026-02-21T22:24:40","date_gmt":"2026-02-21T22:24:40","guid":{"rendered":"https:\/\/iber.market\/producto\/bebida-de-pomelo-hacendado-sin-azucares-anadidos\/"},"modified":"2026-02-21T22:24:41","modified_gmt":"2026-02-21T22:24:41","slug":"hacendado-boisson-au-pamplemousse-sans-sucres-ajoutes","status":"publish","type":"product","link":"https:\/\/iber.market\/fr\/product\/hacendado-boisson-au-pamplemousse-sans-sucres-ajoutes\/","title":{"rendered":"Boisson au pamplemousse Hacendado sans sucres ajout\u00e9s"},"content":{"rendered":"<p>La boisson au pamplemousse Hacendado sans sucres ajout\u00e9s est une option parfaite pour ceux qui veulent continuer \u00e0 profiter des saveurs traditionnelles de l'Espagne tout en vivant en Europe ou pour tous ceux qui appr\u00e9cient la cuisine espagnole. Son format en brique le rend pratique pour un usage quotidien, des r\u00e9unions ou une consommation r\u00e9guli\u00e8re. Un produit con\u00e7u pour maintenir le lien avec la gastronomie espagnole, facile \u00e0 int\u00e9grer dans les achats internationaux et avec le caract\u00e8re des produits habituellement consomm\u00e9s en Espagne.<\/p>","protected":false},"excerpt":{"rendered":"<p>Savourez la boisson au pamplemousse Hacendado sans sucres ajout\u00e9s et \u00e0 la saveur authentiquement espagnole. Id\u00e9al pour les expatri\u00e9s et les amateurs de gastronomie espagnole en Europe. Format brique.<\/p>","protected":false},"featured_media":194725,"template":"","meta":[],"product_brand":[],"product_cat":[203],"product_tag":[],"class_list":{"0":"post-194724","1":"product","2":"type-product","3":"status-publish","4":"has-post-thumbnail","6":"product_cat-zumos","8":"first","9":"instock","10":"taxable","11":"shipping-taxable","12":"purchasable","13":"product-type-simple"},"jetpack_sharing_enabled":true,"_links":{"self":[{"href":"https:\/\/iber.market\/fr\/wp-json\/wp\/v2\/product\/194724","targetHints":{"allow":["GET"]}}],"collection":[{"href":"https:\/\/iber.market\/fr\/wp-json\/wp\/v2\/product"}],"about":[{"href":"https:\/\/iber.market\/fr\/wp-json\/wp\/v2\/types\/product"}],"wp:featuredmedia":[{"embeddable":true,"href":"https:\/\/iber.market\/fr\/wp-json\/wp\/v2\/media\/194725"}],"wp:attachment":[{"href":"https:\/\/iber.market\/fr\/wp-json\/wp\/v2\/media?parent=194724"}],"wp:term":[{"taxonomy":"product_brand","embeddable":true,"href":"https:\/\/iber.market\/fr\/wp-json\/wp\/v2\/product_brand?post=194724"},{"taxonomy":"product_cat","embeddable":true,"href":"https:\/\/iber.market\/fr\/wp-json\/wp\/v2\/product_cat?post=194724"},{"taxonomy":"product_tag","embeddable":true,"href":"https:\/\/iber.market\/fr\/wp-json\/wp\/v2\/product_tag?post=194724"}],"curies":[{"name":"wp","href":"https:\/\/api.w.org\/{rel}","templated":true}]}}