{"id":194682,"date":"2026-02-21T22:24:21","date_gmt":"2026-02-21T22:24:21","guid":{"rendered":"https:\/\/iber.market\/producto\/bebida-lactea-omega-3-puleva-con-leche-desnatada-2\/"},"modified":"2026-03-02T21:59:18","modified_gmt":"2026-03-02T21:59:18","slug":"bebida-lactea-omega-3-puleva-con-leche-desnatada-2","status":"publish","type":"product","link":"https:\/\/iber.market\/fr\/product\/bebida-lactea-omega-3-puleva-con-leche-desnatada-2\/","title":{"rendered":"Boisson lact\u00e9e Omega 3 Puleva avec du lait \u00e9cr\u00e9m\u00e9"},"content":{"rendered":"<p>Bebida l\u00e1ctea Omega 3 Puleva con leche desnatada es una opci\u00f3n perfecta para quienes quieren seguir disfrutando de sabores habituales de Espa\u00f1a viviendo en Europa o para cualquier persona que aprecie la alimentaci\u00f3n espa\u00f1ola. Su formato nan lo hace pr\u00e1ctico para el d\u00eda a d\u00eda, reuniones o consumo habitual. Un producto pensado para mantener el v\u00ednculo con la gastronom\u00eda espa\u00f1ola, f\u00e1cil de integrar en compras internacionales y con el car\u00e1cter de los productos que se consumen habitualmente en Espa\u00f1a.<\/p>","protected":false},"excerpt":{"rendered":"<p>Disfruta de Bebida l\u00e1ctea Omega 3 Puleva con leche desnatada con aut\u00e9ntico sabor espa\u00f1ol. Ideal para expatriados y amantes de la gastronom\u00eda espa\u00f1ola en Europa. Formato nan.<\/p>","protected":false},"featured_media":194683,"template":"","meta":[],"product_brand":[],"product_cat":[144],"product_tag":[],"class_list":{"0":"post-194682","1":"product","2":"type-product","3":"status-publish","4":"has-post-thumbnail","6":"product_cat-leche","8":"first","9":"instock","10":"taxable","11":"shipping-taxable","12":"purchasable","13":"product-type-simple"},"jetpack_sharing_enabled":true,"_links":{"self":[{"href":"https:\/\/iber.market\/fr\/wp-json\/wp\/v2\/product\/194682","targetHints":{"allow":["GET"]}}],"collection":[{"href":"https:\/\/iber.market\/fr\/wp-json\/wp\/v2\/product"}],"about":[{"href":"https:\/\/iber.market\/fr\/wp-json\/wp\/v2\/types\/product"}],"wp:featuredmedia":[{"embeddable":true,"href":"https:\/\/iber.market\/fr\/wp-json\/wp\/v2\/media\/194683"}],"wp:attachment":[{"href":"https:\/\/iber.market\/fr\/wp-json\/wp\/v2\/media?parent=194682"}],"wp:term":[{"taxonomy":"product_brand","embeddable":true,"href":"https:\/\/iber.market\/fr\/wp-json\/wp\/v2\/product_brand?post=194682"},{"taxonomy":"product_cat","embeddable":true,"href":"https:\/\/iber.market\/fr\/wp-json\/wp\/v2\/product_cat?post=194682"},{"taxonomy":"product_tag","embeddable":true,"href":"https:\/\/iber.market\/fr\/wp-json\/wp\/v2\/product_tag?post=194682"}],"curies":[{"name":"wp","href":"https:\/\/api.w.org\/{rel}","templated":true}]}}