{"id":194616,"date":"2026-02-21T16:42:11","date_gmt":"2026-02-21T16:42:11","guid":{"rendered":"https:\/\/iber.market\/producto\/mayonesa-ybarra\/"},"modified":"2026-02-21T16:42:11","modified_gmt":"2026-02-21T16:42:11","slug":"mayonesa-ybarra","status":"publish","type":"product","link":"https:\/\/iber.market\/fr\/product\/mayonesa-ybarra\/","title":{"rendered":"Mayonnaise Ybarra"},"content":{"rendered":"<p>Mayonesa Ybarra es un producto muy apreciado dentro de la gastronom\u00eda espa\u00f1ola. Perfecto para expatriados espa\u00f1oles que quieren seguir disfrutando de sabores de casa o para europeos que buscan descubrir comida espa\u00f1ola aut\u00e9ntica.<\/p>\n<p>Id\u00e9al pour cuisiner des plats m\u00e9diterran\u00e9ens, des tapas ou des recettes traditionnelles, en conservant la saveur caract\u00e9ristique qui fait la popularit\u00e9 de la cuisine espagnole dans toute l'Europe.<\/p>","protected":false},"excerpt":{"rendered":"<p>Mayonesa Ybarra. Producto t\u00edpico espa\u00f1ol ideal para expatriados y amantes de la gastronom\u00eda espa\u00f1ola en Europa.<\/p>","protected":false},"featured_media":194617,"template":"","meta":[],"product_brand":[],"product_cat":[214],"product_tag":[],"class_list":{"0":"post-194616","1":"product","2":"type-product","3":"status-publish","4":"has-post-thumbnail","6":"product_cat-salsas-y-condimentos","8":"first","9":"instock","10":"taxable","11":"shipping-taxable","12":"purchasable","13":"product-type-simple"},"jetpack_sharing_enabled":true,"_links":{"self":[{"href":"https:\/\/iber.market\/fr\/wp-json\/wp\/v2\/product\/194616","targetHints":{"allow":["GET"]}}],"collection":[{"href":"https:\/\/iber.market\/fr\/wp-json\/wp\/v2\/product"}],"about":[{"href":"https:\/\/iber.market\/fr\/wp-json\/wp\/v2\/types\/product"}],"wp:featuredmedia":[{"embeddable":true,"href":"https:\/\/iber.market\/fr\/wp-json\/wp\/v2\/media\/194617"}],"wp:attachment":[{"href":"https:\/\/iber.market\/fr\/wp-json\/wp\/v2\/media?parent=194616"}],"wp:term":[{"taxonomy":"product_brand","embeddable":true,"href":"https:\/\/iber.market\/fr\/wp-json\/wp\/v2\/product_brand?post=194616"},{"taxonomy":"product_cat","embeddable":true,"href":"https:\/\/iber.market\/fr\/wp-json\/wp\/v2\/product_cat?post=194616"},{"taxonomy":"product_tag","embeddable":true,"href":"https:\/\/iber.market\/fr\/wp-json\/wp\/v2\/product_tag?post=194616"}],"curies":[{"name":"wp","href":"https:\/\/api.w.org\/{rel}","templated":true}]}}