{"id":194408,"date":"2026-02-21T15:28:10","date_gmt":"2026-02-21T15:28:10","guid":{"rendered":"https:\/\/iber.market\/producto\/sal-fina-hacendado\/"},"modified":"2026-02-21T16:42:47","modified_gmt":"2026-02-21T16:42:47","slug":"sel-fin-hacendado","status":"publish","type":"product","link":"https:\/\/iber.market\/fr\/product\/sel-fin-hacendado\/","title":{"rendered":"Sel fin Hacendado"},"content":{"rendered":"<p>Sel fin soigneusement s\u00e9lectionn\u00e9 pour offrir une qualit\u00e9 constante et une saveur authentique. Parfait pour cuisiner, assaisonner ou compl\u00e9ter des recettes traditionnelles et modernes. Format pratique, facile \u00e0 stocker et con\u00e7u pour les consommateurs europ\u00e9ens \u00e0 la recherche de produits espagnols r\u00e9guliers d'un bon rapport qualit\u00e9-prix.<\/p>","protected":false},"excerpt":{"rendered":"<p>Sel fin. Produit alimentaire s\u00e9lectionn\u00e9 pour sa qualit\u00e9 et son go\u00fbt, id\u00e9al pour un usage quotidien dans la cuisine europ\u00e9enne.<\/p>","protected":false},"featured_media":194409,"template":"","meta":[],"product_brand":[],"product_cat":[212],"product_tag":[],"class_list":{"0":"post-194408","1":"product","2":"type-product","3":"status-publish","4":"has-post-thumbnail","6":"product_cat-sales-y-bicarbonatos","8":"first","9":"instock","10":"taxable","11":"shipping-taxable","12":"purchasable","13":"product-type-simple"},"jetpack_sharing_enabled":true,"_links":{"self":[{"href":"https:\/\/iber.market\/fr\/wp-json\/wp\/v2\/product\/194408","targetHints":{"allow":["GET"]}}],"collection":[{"href":"https:\/\/iber.market\/fr\/wp-json\/wp\/v2\/product"}],"about":[{"href":"https:\/\/iber.market\/fr\/wp-json\/wp\/v2\/types\/product"}],"wp:featuredmedia":[{"embeddable":true,"href":"https:\/\/iber.market\/fr\/wp-json\/wp\/v2\/media\/194409"}],"wp:attachment":[{"href":"https:\/\/iber.market\/fr\/wp-json\/wp\/v2\/media?parent=194408"}],"wp:term":[{"taxonomy":"product_brand","embeddable":true,"href":"https:\/\/iber.market\/fr\/wp-json\/wp\/v2\/product_brand?post=194408"},{"taxonomy":"product_cat","embeddable":true,"href":"https:\/\/iber.market\/fr\/wp-json\/wp\/v2\/product_cat?post=194408"},{"taxonomy":"product_tag","embeddable":true,"href":"https:\/\/iber.market\/fr\/wp-json\/wp\/v2\/product_tag?post=194408"}],"curies":[{"name":"wp","href":"https:\/\/api.w.org\/{rel}","templated":true}]}}