{"id":193699,"date":"2026-02-21T13:32:17","date_gmt":"2026-02-21T13:32:17","guid":{"rendered":"https:\/\/iber.market\/producto\/pate-de-cerdo-la-piara-tapa-negra\/"},"modified":"2026-03-02T21:59:30","modified_gmt":"2026-03-02T21:59:30","slug":"pate-de-porc-la-piara-dessus-noir","status":"publish","type":"product","link":"https:\/\/iber.market\/fr\/product\/pate-de-porc-la-piara-dessus-noir\/","title":{"rendered":"P\u00e2t\u00e9 de porc La Piara dessus noir"},"content":{"rendered":"<p>Savourez la tapa noire au p\u00e2t\u00e9 de porc La Piara, un produit s\u00e9lectionn\u00e9 sur le march\u00e9 espagnol, id\u00e9al pour ceux qui vivent en dehors de l'Espagne ou pour les Europ\u00e9ens passionn\u00e9s de gastronomie m\u00e9diterran\u00e9enne.<\/p>\n<p>Choisie pour son authenticit\u00e9 et sa qualit\u00e9, elle repr\u00e9sente les saveurs espagnoles traditionnelles que de nombreux expatri\u00e9s recherchent pour rester en contact avec leur culture culinaire.<\/p>\n<p>\u2714 Produit typique du march\u00e9 espagnol<br \/>\n\u2714 Id\u00e9al pour les expatri\u00e9s et les amoureux de l'Espagne<br \/>\n\u2714 Parfait pour la cuisine m\u00e9diterran\u00e9enne et gastronomique<br \/>\n\u2714 Exp\u00e9dition internationale depuis l'Espagne<\/p>\n<p>D\u00e9couvrez ou red\u00e9couvrez le go\u00fbt authentique de l'Espagne avec le p\u00e2t\u00e9 de porc La Piara couvercle noir, disponible en ligne dans toute l'Europe.<\/p>","protected":false},"excerpt":{"rendered":"<p>Le p\u00e2t\u00e9 de porc La Piara est une authentique tapa noire du march\u00e9 espagnol, id\u00e9ale pour les expatri\u00e9s et les amateurs de gastronomie m\u00e9diterran\u00e9enne. Qualit\u00e9 s\u00e9lectionn\u00e9e et exp\u00e9di\u00e9e en Europe pour appr\u00e9cier le vrai go\u00fbt de l'Espagne.<\/p>","protected":false},"featured_media":193700,"template":"","meta":[],"product_brand":[],"product_cat":[62],"product_tag":[],"class_list":{"0":"post-193699","1":"product","2":"type-product","3":"status-publish","4":"has-post-thumbnail","6":"product_cat-jamon-y-embutidos-selectos","8":"first","9":"instock","10":"taxable","11":"shipping-taxable","12":"purchasable","13":"product-type-simple"},"jetpack_sharing_enabled":true,"_links":{"self":[{"href":"https:\/\/iber.market\/fr\/wp-json\/wp\/v2\/product\/193699","targetHints":{"allow":["GET"]}}],"collection":[{"href":"https:\/\/iber.market\/fr\/wp-json\/wp\/v2\/product"}],"about":[{"href":"https:\/\/iber.market\/fr\/wp-json\/wp\/v2\/types\/product"}],"wp:featuredmedia":[{"embeddable":true,"href":"https:\/\/iber.market\/fr\/wp-json\/wp\/v2\/media\/193700"}],"wp:attachment":[{"href":"https:\/\/iber.market\/fr\/wp-json\/wp\/v2\/media?parent=193699"}],"wp:term":[{"taxonomy":"product_brand","embeddable":true,"href":"https:\/\/iber.market\/fr\/wp-json\/wp\/v2\/product_brand?post=193699"},{"taxonomy":"product_cat","embeddable":true,"href":"https:\/\/iber.market\/fr\/wp-json\/wp\/v2\/product_cat?post=193699"},{"taxonomy":"product_tag","embeddable":true,"href":"https:\/\/iber.market\/fr\/wp-json\/wp\/v2\/product_tag?post=193699"}],"curies":[{"name":"wp","href":"https:\/\/api.w.org\/{rel}","templated":true}]}}