{"id":193449,"date":"2026-02-21T11:51:47","date_gmt":"2026-02-21T11:51:47","guid":{"rendered":"https:\/\/iber.market\/producto\/multi-corrector-rimmel-london-50-sand\/"},"modified":"2026-03-03T20:07:49","modified_gmt":"2026-03-03T20:07:49","slug":"multi-corrector-rimmel-london-50-sand","status":"publish","type":"product","link":"https:\/\/iber.market\/fr\/product\/multi-corrector-rimmel-london-50-sand\/","title":{"rendered":"Rimmel London Multi concealer 50 sand"},"content":{"rendered":"<h2>Rimmel London Multi concealer 50 sand<\/h2>\n<p><strong>Rimmel London Multi concealer 50 sand<\/strong> es un corrector de cosm\u00e9tica espa\u00f1ola muy valorado por su relaci\u00f3n calidad\u2011precio.<br \/>\nParfait pour celles qui recherchent un maquillage Mercadona fiable, moderne et facile \u00e0 appliquer.<\/p>\n<p>Sa formule est con\u00e7ue pour offrir une bonne finition, un confort pour des heures d'utilisation.<br \/>\net des r\u00e9sultats naturels pour une utilisation quotidienne et professionnelle.<\/p>\n<ul>\n<li>Un produit de maquillage espagnol tr\u00e8s demand\u00e9<\/li>\n<li>Application facile et finition uniforme<\/li>\n<li>Id\u00e9al pour la routine quotidienne ou le maquillage complet<\/li>\n<li>Un excellent rapport qualit\u00e9-prix<\/li>\n<\/ul>\n<p>D\u00e9couvrez la qualit\u00e9 des cosm\u00e9tiques Mercadona et compl\u00e9tez votre collection.<br \/>\navec un produit pratique, actualis\u00e9 et efficace.<\/p>","protected":false},"excerpt":{"rendered":"<p>Multi corrector Rimmel London 50 sand \u2013 Corrector de cosm\u00e9tica espa\u00f1ola Mercadona con excelente calidad\u2011precio y acabado profesional.<\/p>","protected":false},"featured_media":193450,"template":"","meta":[],"product_brand":[],"product_cat":[379],"product_tag":[],"class_list":{"0":"post-193449","1":"product","2":"type-product","3":"status-publish","4":"has-post-thumbnail","6":"product_cat-bases-y-correctores","8":"first","9":"instock","10":"taxable","11":"shipping-taxable","12":"purchasable","13":"product-type-simple"},"jetpack_sharing_enabled":true,"_links":{"self":[{"href":"https:\/\/iber.market\/fr\/wp-json\/wp\/v2\/product\/193449","targetHints":{"allow":["GET"]}}],"collection":[{"href":"https:\/\/iber.market\/fr\/wp-json\/wp\/v2\/product"}],"about":[{"href":"https:\/\/iber.market\/fr\/wp-json\/wp\/v2\/types\/product"}],"wp:featuredmedia":[{"embeddable":true,"href":"https:\/\/iber.market\/fr\/wp-json\/wp\/v2\/media\/193450"}],"wp:attachment":[{"href":"https:\/\/iber.market\/fr\/wp-json\/wp\/v2\/media?parent=193449"}],"wp:term":[{"taxonomy":"product_brand","embeddable":true,"href":"https:\/\/iber.market\/fr\/wp-json\/wp\/v2\/product_brand?post=193449"},{"taxonomy":"product_cat","embeddable":true,"href":"https:\/\/iber.market\/fr\/wp-json\/wp\/v2\/product_cat?post=193449"},{"taxonomy":"product_tag","embeddable":true,"href":"https:\/\/iber.market\/fr\/wp-json\/wp\/v2\/product_tag?post=193449"}],"curies":[{"name":"wp","href":"https:\/\/api.w.org\/{rel}","templated":true}]}}