{"id":192738,"date":"2026-02-19T20:30:48","date_gmt":"2026-02-19T20:30:48","guid":{"rendered":"https:\/\/iber.market\/producto\/leche-para-lactantes-en-polvo-1-nativa-nestle\/"},"modified":"2026-02-19T20:30:49","modified_gmt":"2026-02-19T20:30:49","slug":"leche-para-lactantes-en-polvo-1-nativa-nestle","status":"publish","type":"product","link":"https:\/\/iber.market\/fr\/product\/leche-para-lactantes-en-polvo-1-nativa-nestle\/","title":{"rendered":"Leche para lactantes en polvo 1 Nativa Nestl\u00e9"},"content":{"rendered":"<p>Leche para lactantes en polvo 1 Nativa es un producto infantil habitual en supermercados espa\u00f1oles. Ahora puedes comprar este producto espa\u00f1ol para beb\u00e9 online con env\u00edo a distintos pa\u00edses de Europa. Pensado para expatriados espa\u00f1oles y familias europeas que valoran la calidad y confianza de los productos espa\u00f1oles. Compra productos de beb\u00e9 espa\u00f1oles online y rec\u00edbelos c\u00f3modamente en tu pa\u00eds.<\/p>","protected":false},"excerpt":{"rendered":"<p>Leche para lactantes en polvo 1 Nativa. Producto espa\u00f1ol para beb\u00e9 disponible online con env\u00edo a Europa. Ideal para expatriados y familias europeas que buscan productos habituales de supermercados espa\u00f1oles.<\/p>","protected":false},"featured_media":0,"template":"","meta":[],"product_brand":[],"product_cat":[295],"product_tag":[],"class_list":{"0":"post-192738","1":"product","2":"type-product","3":"status-publish","5":"product_cat-alimentacion-infantil","7":"first","8":"instock","9":"taxable","10":"shipping-taxable","11":"purchasable","12":"product-type-simple"},"jetpack_sharing_enabled":true,"_links":{"self":[{"href":"https:\/\/iber.market\/fr\/wp-json\/wp\/v2\/product\/192738","targetHints":{"allow":["GET"]}}],"collection":[{"href":"https:\/\/iber.market\/fr\/wp-json\/wp\/v2\/product"}],"about":[{"href":"https:\/\/iber.market\/fr\/wp-json\/wp\/v2\/types\/product"}],"wp:attachment":[{"href":"https:\/\/iber.market\/fr\/wp-json\/wp\/v2\/media?parent=192738"}],"wp:term":[{"taxonomy":"product_brand","embeddable":true,"href":"https:\/\/iber.market\/fr\/wp-json\/wp\/v2\/product_brand?post=192738"},{"taxonomy":"product_cat","embeddable":true,"href":"https:\/\/iber.market\/fr\/wp-json\/wp\/v2\/product_cat?post=192738"},{"taxonomy":"product_tag","embeddable":true,"href":"https:\/\/iber.market\/fr\/wp-json\/wp\/v2\/product_tag?post=192738"}],"curies":[{"name":"wp","href":"https:\/\/api.w.org\/{rel}","templated":true}]}}