{"id":192400,"date":"2026-02-17T08:57:19","date_gmt":"2026-02-17T08:57:19","guid":{"rendered":"https:\/\/iber.market\/producto\/licor-crema-puente-pazos\/"},"modified":"2026-02-17T08:57:19","modified_gmt":"2026-02-17T08:57:19","slug":"liqueur-de-creme-puente-pazos","status":"publish","type":"product","link":"https:\/\/iber.market\/fr\/product\/liqueur-de-creme-puente-pazos\/","title":{"rendered":"Liqueur de cr\u00e8me Puente Pazos"},"content":{"rendered":"<p>Licor crema Puente Pazos est un excellent choix pour ceux qui recherchent des produits typiquement espagnols en Europe. Con\u00e7u sp\u00e9cialement pour les expatri\u00e9s, les r\u00e9sidents europ\u00e9ens ou tout amateur de gastronomie et de boissons espagnoles, ce produit se distingue par sa qualit\u00e9, son go\u00fbt authentique et sa tradition. Parfait \u00e0 partager, \u00e0 offrir ou \u00e0 savourer chez soi avec l'essence de l'art de vivre espagnol.<\/p>","protected":false},"excerpt":{"rendered":"<p>La liqueur de cr\u00e8me Puente Pazos est id\u00e9ale pour savourer le go\u00fbt authentique de l'Espagne. Parfaite pour les expatri\u00e9s et les amateurs europ\u00e9ens de gastronomie et de boissons espagnoles.<\/p>","protected":false},"featured_media":192401,"template":"","meta":[],"product_brand":[],"product_cat":[50],"product_tag":[],"class_list":{"0":"post-192400","1":"product","2":"type-product","3":"status-publish","4":"has-post-thumbnail","6":"product_cat-licores-espanoles-en-europa","8":"first","9":"instock","10":"taxable","11":"shipping-taxable","12":"purchasable","13":"product-type-simple"},"jetpack_sharing_enabled":true,"_links":{"self":[{"href":"https:\/\/iber.market\/fr\/wp-json\/wp\/v2\/product\/192400","targetHints":{"allow":["GET"]}}],"collection":[{"href":"https:\/\/iber.market\/fr\/wp-json\/wp\/v2\/product"}],"about":[{"href":"https:\/\/iber.market\/fr\/wp-json\/wp\/v2\/types\/product"}],"wp:featuredmedia":[{"embeddable":true,"href":"https:\/\/iber.market\/fr\/wp-json\/wp\/v2\/media\/192401"}],"wp:attachment":[{"href":"https:\/\/iber.market\/fr\/wp-json\/wp\/v2\/media?parent=192400"}],"wp:term":[{"taxonomy":"product_brand","embeddable":true,"href":"https:\/\/iber.market\/fr\/wp-json\/wp\/v2\/product_brand?post=192400"},{"taxonomy":"product_cat","embeddable":true,"href":"https:\/\/iber.market\/fr\/wp-json\/wp\/v2\/product_cat?post=192400"},{"taxonomy":"product_tag","embeddable":true,"href":"https:\/\/iber.market\/fr\/wp-json\/wp\/v2\/product_tag?post=192400"}],"curies":[{"name":"wp","href":"https:\/\/api.w.org\/{rel}","templated":true}]}}