{"id":192388,"date":"2026-02-17T08:57:15","date_gmt":"2026-02-17T08:57:15","guid":{"rendered":"https:\/\/iber.market\/producto\/licor-de-anis-dulce-dama-mayor\/"},"modified":"2026-02-17T08:57:15","modified_gmt":"2026-02-17T08:57:15","slug":"liqueur-danis-doux-dama-mayor","status":"publish","type":"product","link":"https:\/\/iber.market\/fr\/product\/liqueur-danis-doux-dama-mayor\/","title":{"rendered":"Liqueur anis\u00e9e douce Dama Mayor"},"content":{"rendered":"<p>La liqueur anis\u00e9e douce Dama Mayor est un excellent choix pour ceux qui recherchent des produits typiquement espagnols en Europe. Con\u00e7u sp\u00e9cialement pour les expatri\u00e9s, les r\u00e9sidents europ\u00e9ens ou tout amateur de gastronomie et de boissons espagnoles, ce produit se distingue par sa qualit\u00e9, sa saveur authentique et sa tradition. Parfait pour partager, offrir ou d\u00e9guster \u00e0 la maison avec l'essence du style de vie espagnol.<\/p>","protected":false},"excerpt":{"rendered":"<p>La liqueur anis\u00e9e douce Dama Mayor est id\u00e9ale pour savourer le go\u00fbt authentique de l'Espagne. Parfaite pour les expatri\u00e9s et les amateurs europ\u00e9ens de gastronomie et de boissons espagnoles.<\/p>","protected":false},"featured_media":192389,"template":"","meta":[],"product_brand":[],"product_cat":[50],"product_tag":[],"class_list":{"0":"post-192388","1":"product","2":"type-product","3":"status-publish","4":"has-post-thumbnail","6":"product_cat-licores-espanoles-en-europa","8":"first","9":"instock","10":"taxable","11":"shipping-taxable","12":"purchasable","13":"product-type-simple"},"jetpack_sharing_enabled":true,"_links":{"self":[{"href":"https:\/\/iber.market\/fr\/wp-json\/wp\/v2\/product\/192388","targetHints":{"allow":["GET"]}}],"collection":[{"href":"https:\/\/iber.market\/fr\/wp-json\/wp\/v2\/product"}],"about":[{"href":"https:\/\/iber.market\/fr\/wp-json\/wp\/v2\/types\/product"}],"wp:featuredmedia":[{"embeddable":true,"href":"https:\/\/iber.market\/fr\/wp-json\/wp\/v2\/media\/192389"}],"wp:attachment":[{"href":"https:\/\/iber.market\/fr\/wp-json\/wp\/v2\/media?parent=192388"}],"wp:term":[{"taxonomy":"product_brand","embeddable":true,"href":"https:\/\/iber.market\/fr\/wp-json\/wp\/v2\/product_brand?post=192388"},{"taxonomy":"product_cat","embeddable":true,"href":"https:\/\/iber.market\/fr\/wp-json\/wp\/v2\/product_cat?post=192388"},{"taxonomy":"product_tag","embeddable":true,"href":"https:\/\/iber.market\/fr\/wp-json\/wp\/v2\/product_tag?post=192388"}],"curies":[{"name":"wp","href":"https:\/\/api.w.org\/{rel}","templated":true}]}}