{"id":192370,"date":"2026-02-17T08:57:13","date_gmt":"2026-02-17T08:57:13","guid":{"rendered":"https:\/\/iber.market\/producto\/licor-dulce-amaretto-del-patriarca\/"},"modified":"2026-02-17T08:57:13","modified_gmt":"2026-02-17T08:57:13","slug":"liqueur-douce-amaretto-del-patriarca","status":"publish","type":"product","link":"https:\/\/iber.market\/fr\/product\/liqueur-douce-amaretto-del-patriarca\/","title":{"rendered":"Liqueur douce Amaretto Del Patriarca"},"content":{"rendered":"<p>Licor dulce Amaretto Del Patriarca est un excellent choix pour ceux qui recherchent des produits typiquement espagnols en Europe. Con\u00e7u sp\u00e9cialement pour les expatri\u00e9s, les r\u00e9sidents europ\u00e9ens ou tout amateur de gastronomie et de boissons espagnoles, ce produit se distingue par sa qualit\u00e9, son go\u00fbt authentique et sa tradition. Parfait pour partager, offrir ou d\u00e9guster \u00e0 la maison avec l'essence de l'art de vivre espagnol.<\/p>","protected":false},"excerpt":{"rendered":"<p>La liqueur douce Amaretto Del Patriarca est id\u00e9ale pour savourer le go\u00fbt authentique de l'Espagne. Parfaite pour les expatri\u00e9s et les amateurs europ\u00e9ens de gastronomie et de boissons espagnoles.<\/p>","protected":false},"featured_media":192371,"template":"","meta":[],"product_brand":[],"product_cat":[50],"product_tag":[],"class_list":{"0":"post-192370","1":"product","2":"type-product","3":"status-publish","4":"has-post-thumbnail","6":"product_cat-licores-espanoles-en-europa","8":"first","9":"instock","10":"taxable","11":"shipping-taxable","12":"purchasable","13":"product-type-simple"},"jetpack_sharing_enabled":true,"_links":{"self":[{"href":"https:\/\/iber.market\/fr\/wp-json\/wp\/v2\/product\/192370","targetHints":{"allow":["GET"]}}],"collection":[{"href":"https:\/\/iber.market\/fr\/wp-json\/wp\/v2\/product"}],"about":[{"href":"https:\/\/iber.market\/fr\/wp-json\/wp\/v2\/types\/product"}],"wp:featuredmedia":[{"embeddable":true,"href":"https:\/\/iber.market\/fr\/wp-json\/wp\/v2\/media\/192371"}],"wp:attachment":[{"href":"https:\/\/iber.market\/fr\/wp-json\/wp\/v2\/media?parent=192370"}],"wp:term":[{"taxonomy":"product_brand","embeddable":true,"href":"https:\/\/iber.market\/fr\/wp-json\/wp\/v2\/product_brand?post=192370"},{"taxonomy":"product_cat","embeddable":true,"href":"https:\/\/iber.market\/fr\/wp-json\/wp\/v2\/product_cat?post=192370"},{"taxonomy":"product_tag","embeddable":true,"href":"https:\/\/iber.market\/fr\/wp-json\/wp\/v2\/product_tag?post=192370"}],"curies":[{"name":"wp","href":"https:\/\/api.w.org\/{rel}","templated":true}]}}