{"id":192367,"date":"2026-02-17T08:57:13","date_gmt":"2026-02-17T08:57:13","guid":{"rendered":"https:\/\/iber.market\/producto\/pacharan-oibar\/"},"modified":"2026-02-17T08:57:13","modified_gmt":"2026-02-17T08:57:13","slug":"pacharan-oibar","status":"publish","type":"product","link":"https:\/\/iber.market\/fr\/product\/pacharan-oibar\/","title":{"rendered":"Pachar\u00e1n Oibar"},"content":{"rendered":"<p>Pachar\u00e1n Oibar est une excellente option pour ceux qui recherchent des produits typiquement espagnols en Europe. Con\u00e7u sp\u00e9cialement pour les expatri\u00e9s, les r\u00e9sidents europ\u00e9ens et tous les amateurs de gastronomie et de boissons espagnoles, ce produit se distingue par sa qualit\u00e9, sa saveur authentique et sa tradition. Parfait \u00e0 partager, \u00e0 offrir ou \u00e0 savourer chez soi, avec l'essence de l'art de vivre espagnol.<\/p>","protected":false},"excerpt":{"rendered":"<p>Le Pachar\u00e1n Oibar est id\u00e9al pour savourer le go\u00fbt authentique de l'Espagne. Parfait pour les expatri\u00e9s et les Europ\u00e9ens qui aiment la gastronomie et les boissons espagnoles.<\/p>","protected":false},"featured_media":192368,"template":"","meta":[],"product_brand":[],"product_cat":[50],"product_tag":[],"class_list":{"0":"post-192367","1":"product","2":"type-product","3":"status-publish","4":"has-post-thumbnail","6":"product_cat-licores-espanoles-en-europa","8":"first","9":"instock","10":"taxable","11":"shipping-taxable","12":"purchasable","13":"product-type-simple"},"jetpack_sharing_enabled":true,"_links":{"self":[{"href":"https:\/\/iber.market\/fr\/wp-json\/wp\/v2\/product\/192367","targetHints":{"allow":["GET"]}}],"collection":[{"href":"https:\/\/iber.market\/fr\/wp-json\/wp\/v2\/product"}],"about":[{"href":"https:\/\/iber.market\/fr\/wp-json\/wp\/v2\/types\/product"}],"wp:featuredmedia":[{"embeddable":true,"href":"https:\/\/iber.market\/fr\/wp-json\/wp\/v2\/media\/192368"}],"wp:attachment":[{"href":"https:\/\/iber.market\/fr\/wp-json\/wp\/v2\/media?parent=192367"}],"wp:term":[{"taxonomy":"product_brand","embeddable":true,"href":"https:\/\/iber.market\/fr\/wp-json\/wp\/v2\/product_brand?post=192367"},{"taxonomy":"product_cat","embeddable":true,"href":"https:\/\/iber.market\/fr\/wp-json\/wp\/v2\/product_cat?post=192367"},{"taxonomy":"product_tag","embeddable":true,"href":"https:\/\/iber.market\/fr\/wp-json\/wp\/v2\/product_tag?post=192367"}],"curies":[{"name":"wp","href":"https:\/\/api.w.org\/{rel}","templated":true}]}}