{"id":192342,"date":"2026-02-17T08:57:11","date_gmt":"2026-02-17T08:57:11","guid":{"rendered":"https:\/\/iber.market\/producto\/cava-brut-cabre-sabate-2\/"},"modified":"2026-03-03T13:50:48","modified_gmt":"2026-03-03T13:50:48","slug":"cava-brut-cabre-sabate-2","status":"publish","type":"product","link":"https:\/\/iber.market\/fr\/product\/cava-brut-cabre-sabate-2\/","title":{"rendered":"Cava brut Cabr\u00e9 &amp; Sabat\u00e9"},"content":{"rendered":"<p>Le Cava brut Cabr\u00e9 &amp; Sabat\u00e9 est un excellent choix pour ceux qui recherchent des produits typiquement espagnols en Europe. Con\u00e7u sp\u00e9cialement pour les expatri\u00e9s, les r\u00e9sidents europ\u00e9ens ou tout amateur de gastronomie et de boissons espagnoles, ce produit se distingue par sa qualit\u00e9, son go\u00fbt authentique et sa tradition. Parfait \u00e0 partager, \u00e0 offrir ou \u00e0 savourer chez soi avec l'essence de l'art de vivre espagnol.<\/p>","protected":false},"excerpt":{"rendered":"<p>Cava brut Cabr\u00e9 &amp; Sabat\u00e9 id\u00e9al pour appr\u00e9cier le go\u00fbt authentique de l'Espagne. Parfait pour les expatri\u00e9s et les amateurs europ\u00e9ens de gastronomie et de boissons espagnoles.<\/p>","protected":false},"featured_media":192343,"template":"","meta":[],"product_brand":[],"product_cat":[375],"product_tag":[],"class_list":{"0":"post-192342","1":"product","2":"type-product","3":"status-publish","4":"has-post-thumbnail","6":"product_cat-cavas-y-espumosos","8":"first","9":"instock","10":"taxable","11":"shipping-taxable","12":"purchasable","13":"product-type-simple"},"jetpack_sharing_enabled":true,"_links":{"self":[{"href":"https:\/\/iber.market\/fr\/wp-json\/wp\/v2\/product\/192342","targetHints":{"allow":["GET"]}}],"collection":[{"href":"https:\/\/iber.market\/fr\/wp-json\/wp\/v2\/product"}],"about":[{"href":"https:\/\/iber.market\/fr\/wp-json\/wp\/v2\/types\/product"}],"wp:featuredmedia":[{"embeddable":true,"href":"https:\/\/iber.market\/fr\/wp-json\/wp\/v2\/media\/192343"}],"wp:attachment":[{"href":"https:\/\/iber.market\/fr\/wp-json\/wp\/v2\/media?parent=192342"}],"wp:term":[{"taxonomy":"product_brand","embeddable":true,"href":"https:\/\/iber.market\/fr\/wp-json\/wp\/v2\/product_brand?post=192342"},{"taxonomy":"product_cat","embeddable":true,"href":"https:\/\/iber.market\/fr\/wp-json\/wp\/v2\/product_cat?post=192342"},{"taxonomy":"product_tag","embeddable":true,"href":"https:\/\/iber.market\/fr\/wp-json\/wp\/v2\/product_tag?post=192342"}],"curies":[{"name":"wp","href":"https:\/\/api.w.org\/{rel}","templated":true}]}}