{"id":191486,"date":"2026-02-17T08:41:18","date_gmt":"2026-02-17T08:41:18","guid":{"rendered":"https:\/\/iber.market\/producto\/activador-quitamanchas-ropa-de-color-oxi-active-bosque-verde-en-polvo\/"},"modified":"2026-02-17T08:41:19","modified_gmt":"2026-02-17T08:41:19","slug":"activador-quitamanchas-ropa-de-color-oxi-active-bosque-verde-en-polvo","status":"publish","type":"product","link":"https:\/\/iber.market\/fr\/product\/activador-quitamanchas-ropa-de-color-oxi-active-bosque-verde-en-polvo\/","title":{"rendered":"Oxi Active Green Forest D\u00e9tachant Activateur en poudre"},"content":{"rendered":"","protected":false},"excerpt":{"rendered":"<p>Disfruta de Activador Quitamanchas ropa de color Oxi Active Bosque Verde en polvo, un producto t\u00edpico de Espa\u00f1a ahora disponible en Europa. Ideal para expatriados y amantes de la calidad mediterr\u00e1nea. Env\u00edo r\u00e1pido desde Espa\u00f1a.<\/p>","protected":false},"featured_media":191487,"template":"","meta":[],"product_brand":[],"product_cat":[63],"product_tag":[],"class_list":{"0":"post-191486","1":"product","2":"type-product","3":"status-publish","4":"has-post-thumbnail","6":"product_cat-limpieza-del-hogar","8":"first","9":"instock","10":"taxable","11":"shipping-taxable","12":"purchasable","13":"product-type-simple"},"jetpack_sharing_enabled":true,"_links":{"self":[{"href":"https:\/\/iber.market\/fr\/wp-json\/wp\/v2\/product\/191486","targetHints":{"allow":["GET"]}}],"collection":[{"href":"https:\/\/iber.market\/fr\/wp-json\/wp\/v2\/product"}],"about":[{"href":"https:\/\/iber.market\/fr\/wp-json\/wp\/v2\/types\/product"}],"wp:featuredmedia":[{"embeddable":true,"href":"https:\/\/iber.market\/fr\/wp-json\/wp\/v2\/media\/191487"}],"wp:attachment":[{"href":"https:\/\/iber.market\/fr\/wp-json\/wp\/v2\/media?parent=191486"}],"wp:term":[{"taxonomy":"product_brand","embeddable":true,"href":"https:\/\/iber.market\/fr\/wp-json\/wp\/v2\/product_brand?post=191486"},{"taxonomy":"product_cat","embeddable":true,"href":"https:\/\/iber.market\/fr\/wp-json\/wp\/v2\/product_cat?post=191486"},{"taxonomy":"product_tag","embeddable":true,"href":"https:\/\/iber.market\/fr\/wp-json\/wp\/v2\/product_tag?post=191486"}],"curies":[{"name":"wp","href":"https:\/\/api.w.org\/{rel}","templated":true}]}}