{"id":191378,"date":"2026-02-17T08:41:08","date_gmt":"2026-02-17T08:41:08","guid":{"rendered":"https:\/\/iber.market\/producto\/absorbeolores-ropa-limpia-bosque-verde\/"},"modified":"2026-02-17T08:41:08","modified_gmt":"2026-02-17T08:41:08","slug":"absorbeolores-ropa-limpia-bosque-verde","status":"publish","type":"product","link":"https:\/\/iber.market\/fr\/product\/absorbeolores-ropa-limpia-bosque-verde\/","title":{"rendered":"Absorbeolores Clean Clothes Green Forest"},"content":{"rendered":"","protected":false},"excerpt":{"rendered":"<p>Savourez la Ropa Limpia Bosque Verde d'Absorbeolores, un produit typiquement espagnol d\u00e9sormais disponible en Europe. Id\u00e9al pour les expatri\u00e9s et les amateurs de qualit\u00e9 m\u00e9diterran\u00e9enne. Livraison rapide depuis l'Espagne.<\/p>","protected":false},"featured_media":191379,"template":"","meta":[],"product_brand":[],"product_cat":[63],"product_tag":[],"class_list":{"0":"post-191378","1":"product","2":"type-product","3":"status-publish","4":"has-post-thumbnail","6":"product_cat-limpieza-del-hogar","8":"first","9":"instock","10":"taxable","11":"shipping-taxable","12":"purchasable","13":"product-type-simple"},"jetpack_sharing_enabled":true,"_links":{"self":[{"href":"https:\/\/iber.market\/fr\/wp-json\/wp\/v2\/product\/191378","targetHints":{"allow":["GET"]}}],"collection":[{"href":"https:\/\/iber.market\/fr\/wp-json\/wp\/v2\/product"}],"about":[{"href":"https:\/\/iber.market\/fr\/wp-json\/wp\/v2\/types\/product"}],"wp:featuredmedia":[{"embeddable":true,"href":"https:\/\/iber.market\/fr\/wp-json\/wp\/v2\/media\/191379"}],"wp:attachment":[{"href":"https:\/\/iber.market\/fr\/wp-json\/wp\/v2\/media?parent=191378"}],"wp:term":[{"taxonomy":"product_brand","embeddable":true,"href":"https:\/\/iber.market\/fr\/wp-json\/wp\/v2\/product_brand?post=191378"},{"taxonomy":"product_cat","embeddable":true,"href":"https:\/\/iber.market\/fr\/wp-json\/wp\/v2\/product_cat?post=191378"},{"taxonomy":"product_tag","embeddable":true,"href":"https:\/\/iber.market\/fr\/wp-json\/wp\/v2\/product_tag?post=191378"}],"curies":[{"name":"wp","href":"https:\/\/api.w.org\/{rel}","templated":true}]}}