{"id":191348,"date":"2026-02-17T08:41:01","date_gmt":"2026-02-17T08:41:01","guid":{"rendered":"https:\/\/iber.market\/producto\/ambientador-spray-sweet-blossom-bosque-verde\/"},"modified":"2026-02-17T08:41:02","modified_gmt":"2026-02-17T08:41:02","slug":"spray-desodorisant-sweet-blossom-forest-green","status":"publish","type":"product","link":"https:\/\/iber.market\/fr\/product\/spray-desodorisant-sweet-blossom-forest-green\/","title":{"rendered":"Rafra\u00eechisseur d'air Sweet Blossom Green Forest Spray"},"content":{"rendered":"","protected":false},"excerpt":{"rendered":"<p>Appr\u00e9ciez le spray d\u00e9sodorisant Sweet Blossom Bosque Verde, un produit typiquement espagnol d\u00e9sormais disponible en Europe. Id\u00e9al pour les expatri\u00e9s et les amateurs de qualit\u00e9 m\u00e9diterran\u00e9enne. Livraison rapide depuis l'Espagne.<\/p>","protected":false},"featured_media":191349,"template":"","meta":[],"product_brand":[],"product_cat":[63],"product_tag":[],"class_list":{"0":"post-191348","1":"product","2":"type-product","3":"status-publish","4":"has-post-thumbnail","6":"product_cat-limpieza-del-hogar","8":"first","9":"instock","10":"taxable","11":"shipping-taxable","12":"purchasable","13":"product-type-simple"},"jetpack_sharing_enabled":true,"_links":{"self":[{"href":"https:\/\/iber.market\/fr\/wp-json\/wp\/v2\/product\/191348","targetHints":{"allow":["GET"]}}],"collection":[{"href":"https:\/\/iber.market\/fr\/wp-json\/wp\/v2\/product"}],"about":[{"href":"https:\/\/iber.market\/fr\/wp-json\/wp\/v2\/types\/product"}],"wp:featuredmedia":[{"embeddable":true,"href":"https:\/\/iber.market\/fr\/wp-json\/wp\/v2\/media\/191349"}],"wp:attachment":[{"href":"https:\/\/iber.market\/fr\/wp-json\/wp\/v2\/media?parent=191348"}],"wp:term":[{"taxonomy":"product_brand","embeddable":true,"href":"https:\/\/iber.market\/fr\/wp-json\/wp\/v2\/product_brand?post=191348"},{"taxonomy":"product_cat","embeddable":true,"href":"https:\/\/iber.market\/fr\/wp-json\/wp\/v2\/product_cat?post=191348"},{"taxonomy":"product_tag","embeddable":true,"href":"https:\/\/iber.market\/fr\/wp-json\/wp\/v2\/product_tag?post=191348"}],"curies":[{"name":"wp","href":"https:\/\/api.w.org\/{rel}","templated":true}]}}