{"id":191199,"date":"2026-02-17T08:40:32","date_gmt":"2026-02-17T08:40:32","guid":{"rendered":"https:\/\/iber.market\/producto\/bolsas-de-basura-mini-bosque-verde-5l-cubo-pequeno\/"},"modified":"2026-02-17T08:40:33","modified_gmt":"2026-02-17T08:40:33","slug":"bolsas-de-basura-mini-bosque-verde-5l-cubo-pequeno","status":"publish","type":"product","link":"https:\/\/iber.market\/fr\/product\/bolsas-de-basura-mini-bosque-verde-5l-cubo-pequeno\/","title":{"rendered":"Bolsas de basura mini Bosque Verde 5L cubo peque\u00f1o"},"content":{"rendered":"","protected":false},"excerpt":{"rendered":"<p>Disfruta de Bolsas de basura mini Bosque Verde 5L cubo peque\u00f1o, un producto t\u00edpico de Espa\u00f1a ahora disponible en Europa. Ideal para expatriados y amantes de la calidad mediterr\u00e1nea. Env\u00edo r\u00e1pido desde Espa\u00f1a.<\/p>","protected":false},"featured_media":191200,"template":"","meta":[],"product_brand":[],"product_cat":[63],"product_tag":[],"class_list":{"0":"post-191199","1":"product","2":"type-product","3":"status-publish","4":"has-post-thumbnail","6":"product_cat-limpieza-del-hogar","8":"first","9":"instock","10":"taxable","11":"shipping-taxable","12":"purchasable","13":"product-type-simple"},"jetpack_sharing_enabled":true,"_links":{"self":[{"href":"https:\/\/iber.market\/fr\/wp-json\/wp\/v2\/product\/191199","targetHints":{"allow":["GET"]}}],"collection":[{"href":"https:\/\/iber.market\/fr\/wp-json\/wp\/v2\/product"}],"about":[{"href":"https:\/\/iber.market\/fr\/wp-json\/wp\/v2\/types\/product"}],"wp:featuredmedia":[{"embeddable":true,"href":"https:\/\/iber.market\/fr\/wp-json\/wp\/v2\/media\/191200"}],"wp:attachment":[{"href":"https:\/\/iber.market\/fr\/wp-json\/wp\/v2\/media?parent=191199"}],"wp:term":[{"taxonomy":"product_brand","embeddable":true,"href":"https:\/\/iber.market\/fr\/wp-json\/wp\/v2\/product_brand?post=191199"},{"taxonomy":"product_cat","embeddable":true,"href":"https:\/\/iber.market\/fr\/wp-json\/wp\/v2\/product_cat?post=191199"},{"taxonomy":"product_tag","embeddable":true,"href":"https:\/\/iber.market\/fr\/wp-json\/wp\/v2\/product_tag?post=191199"}],"curies":[{"name":"wp","href":"https:\/\/api.w.org\/{rel}","templated":true}]}}