{"id":191106,"date":"2026-02-17T08:40:22","date_gmt":"2026-02-17T08:40:22","guid":{"rendered":"https:\/\/iber.market\/producto\/encendedor-cocina-largo-clipper\/"},"modified":"2026-02-17T08:40:23","modified_gmt":"2026-02-17T08:40:23","slug":"briquet-de-cuisine-long-clipper","status":"publish","type":"product","link":"https:\/\/iber.market\/fr\/product\/briquet-de-cuisine-long-clipper\/","title":{"rendered":"Briquet de cuisine long Clipper"},"content":{"rendered":"","protected":false},"excerpt":{"rendered":"<p>Appr\u00e9ciez le long briquet de cuisine Clipper, un produit typiquement espagnol d\u00e9sormais disponible en Europe. Id\u00e9al pour les expatri\u00e9s et les amateurs de qualit\u00e9 m\u00e9diterran\u00e9enne. Livraison rapide depuis l'Espagne.<\/p>","protected":false},"featured_media":191107,"template":"","meta":[],"product_brand":[],"product_cat":[63],"product_tag":[],"class_list":{"0":"post-191106","1":"product","2":"type-product","3":"status-publish","4":"has-post-thumbnail","6":"product_cat-limpieza-del-hogar","8":"first","9":"instock","10":"taxable","11":"shipping-taxable","12":"purchasable","13":"product-type-simple"},"jetpack_sharing_enabled":true,"_links":{"self":[{"href":"https:\/\/iber.market\/fr\/wp-json\/wp\/v2\/product\/191106","targetHints":{"allow":["GET"]}}],"collection":[{"href":"https:\/\/iber.market\/fr\/wp-json\/wp\/v2\/product"}],"about":[{"href":"https:\/\/iber.market\/fr\/wp-json\/wp\/v2\/types\/product"}],"wp:featuredmedia":[{"embeddable":true,"href":"https:\/\/iber.market\/fr\/wp-json\/wp\/v2\/media\/191107"}],"wp:attachment":[{"href":"https:\/\/iber.market\/fr\/wp-json\/wp\/v2\/media?parent=191106"}],"wp:term":[{"taxonomy":"product_brand","embeddable":true,"href":"https:\/\/iber.market\/fr\/wp-json\/wp\/v2\/product_brand?post=191106"},{"taxonomy":"product_cat","embeddable":true,"href":"https:\/\/iber.market\/fr\/wp-json\/wp\/v2\/product_cat?post=191106"},{"taxonomy":"product_tag","embeddable":true,"href":"https:\/\/iber.market\/fr\/wp-json\/wp\/v2\/product_tag?post=191106"}],"curies":[{"name":"wp","href":"https:\/\/api.w.org\/{rel}","templated":true}]}}