{"id":188058,"date":"2026-01-10T16:18:37","date_gmt":"2026-01-10T16:18:37","guid":{"rendered":"https:\/\/iber.market\/producto\/bebida-fermentada-de-te-verde-ecologico-kombucha-con-sabor-a-frutos-rojos-lata-33-cl\/"},"modified":"2026-01-10T16:18:37","modified_gmt":"2026-01-10T16:18:37","slug":"bebida-fermentada-de-te-verde-ecologico-kombucha-con-sabor-a-frutos-rojos-lata-33-cl","status":"publish","type":"product","link":"https:\/\/iber.market\/fr\/product\/bebida-fermentada-de-te-verde-ecologico-kombucha-con-sabor-a-frutos-rojos-lata-33-cl\/","title":{"rendered":"Boisson au th\u00e9 vert ferment\u00e9 biologique (Kombucha) \u00e0 l'ar\u00f4me de fruits rouges bo\u00eete 33 cl."},"content":{"rendered":"<p><strong>MUN Bebida fermentada de t\u00e9 verde ecol\u00f3gico (Kombucha) con sabor a frutos rojos lata 33 cl.<\/strong> de la marque <strong>MUN<\/strong> est un produit appartenant \u00e0 la cat\u00e9gorie <em>Supermarch\u00e9 bio &gt; Boissons bio<\/em>, s\u00e9lectionn\u00e9s dans le supermarch\u00e9 biologique espagnol.<\/p>\n<p>Ce produit est con\u00e7u pour les personnes qui suivent un r\u00e9gime v\u00e9g\u00e9talien, biologique ou \u00e0 base de plantes, et qui privil\u00e9gient les ingr\u00e9dients de qualit\u00e9, les processus responsables et une consommation plus durable.<\/p>\n<p>Id\u00e9al pour les clients europ\u00e9ens qui souhaitent acheter des produits biologiques et v\u00e9g\u00e9taliens en provenance d'Espagne avec une livraison internationale, tout en conservant l'essence du supermarch\u00e9 espagnol.<\/p>","protected":false},"excerpt":{"rendered":"<p>MUN Bebida fermentada de t\u00e9 verde ecol\u00f3gico (Kombucha) con sabor a frutos rojos lata 33 cl. MUN. Producto ecol\u00f3gico y vegano seleccionado en supermercado espa\u00f1ol, ideal para una alimentaci\u00f3n consciente y saludable.<\/p>","protected":false},"featured_media":188059,"template":"","meta":[],"product_brand":[],"product_cat":[353],"product_tag":[],"class_list":{"0":"post-188058","1":"product","2":"type-product","3":"status-publish","4":"has-post-thumbnail","6":"product_cat-bebidas-ecologicas","8":"first","9":"instock","10":"taxable","11":"shipping-taxable","12":"purchasable","13":"product-type-simple"},"jetpack_sharing_enabled":true,"_links":{"self":[{"href":"https:\/\/iber.market\/fr\/wp-json\/wp\/v2\/product\/188058","targetHints":{"allow":["GET"]}}],"collection":[{"href":"https:\/\/iber.market\/fr\/wp-json\/wp\/v2\/product"}],"about":[{"href":"https:\/\/iber.market\/fr\/wp-json\/wp\/v2\/types\/product"}],"wp:featuredmedia":[{"embeddable":true,"href":"https:\/\/iber.market\/fr\/wp-json\/wp\/v2\/media\/188059"}],"wp:attachment":[{"href":"https:\/\/iber.market\/fr\/wp-json\/wp\/v2\/media?parent=188058"}],"wp:term":[{"taxonomy":"product_brand","embeddable":true,"href":"https:\/\/iber.market\/fr\/wp-json\/wp\/v2\/product_brand?post=188058"},{"taxonomy":"product_cat","embeddable":true,"href":"https:\/\/iber.market\/fr\/wp-json\/wp\/v2\/product_cat?post=188058"},{"taxonomy":"product_tag","embeddable":true,"href":"https:\/\/iber.market\/fr\/wp-json\/wp\/v2\/product_tag?post=188058"}],"curies":[{"name":"wp","href":"https:\/\/api.w.org\/{rel}","templated":true}]}}