{"id":187854,"date":"2026-01-10T16:17:50","date_gmt":"2026-01-10T16:17:50","guid":{"rendered":"https:\/\/iber.market\/producto\/el-remedio-de-la-abuela-infusion-ecologica-a-base-de-tomillo-eucalipto-menta-y-malva-12-uds\/"},"modified":"2026-01-10T16:17:50","modified_gmt":"2026-01-10T16:17:50","slug":"el-remedio-de-la-abuela-infusion-ecologica-a-base-de-tomillo-eucalipto-menta-y-malva-12-uds","status":"publish","type":"product","link":"https:\/\/iber.market\/fr\/product\/el-remedio-de-la-abuela-infusion-ecologica-a-base-de-tomillo-eucalipto-menta-y-malva-12-uds\/","title":{"rendered":"Rem\u00e8de de grand-m\u00e8re Infusion biologique au thym, \u00e0 l'eucalyptus, \u00e0 la menthe et \u00e0 la mauve 12 pi\u00e8ces."},"content":{"rendered":"<p><strong>ORBALLO El remedio de la abuela Infusi\u00f3n ecol\u00f3gica a base de tomillo, eucalipto, menta y malva 12 uds.<\/strong> de la marque <strong>ORBALLO<\/strong> est un produit appartenant \u00e0 la cat\u00e9gorie <em>Supermarch\u00e9 bio &gt; Petits d\u00e9jeuners bio<\/em>, s\u00e9lectionn\u00e9s dans le supermarch\u00e9 biologique espagnol.<\/p>\n<p>Ce produit est con\u00e7u pour les personnes qui suivent un r\u00e9gime v\u00e9g\u00e9talien, biologique ou \u00e0 base de plantes, et qui privil\u00e9gient les ingr\u00e9dients de qualit\u00e9, les processus responsables et une consommation plus durable.<\/p>\n<p>Id\u00e9al pour les clients europ\u00e9ens qui souhaitent acheter des produits biologiques et v\u00e9g\u00e9taliens en provenance d'Espagne avec une livraison internationale, tout en conservant l'essence du supermarch\u00e9 espagnol.<\/p>","protected":false},"excerpt":{"rendered":"<p>ORBALLO El remedio de la abuela Infusi\u00f3n ecol\u00f3gica a base de tomillo, eucalipto, menta y malva 12 uds. ORBALLO. Producto ecol\u00f3gico y vegano seleccionado en supermercado espa\u00f1ol, ideal para una alimentaci\u00f3n consciente y saludable.<\/p>","protected":false},"featured_media":187855,"template":"","meta":[],"product_brand":[],"product_cat":[354],"product_tag":[],"class_list":{"0":"post-187854","1":"product","2":"type-product","3":"status-publish","4":"has-post-thumbnail","6":"product_cat-desayunos-ecologicos","8":"first","9":"instock","10":"taxable","11":"shipping-taxable","12":"purchasable","13":"product-type-simple"},"jetpack_sharing_enabled":true,"_links":{"self":[{"href":"https:\/\/iber.market\/fr\/wp-json\/wp\/v2\/product\/187854","targetHints":{"allow":["GET"]}}],"collection":[{"href":"https:\/\/iber.market\/fr\/wp-json\/wp\/v2\/product"}],"about":[{"href":"https:\/\/iber.market\/fr\/wp-json\/wp\/v2\/types\/product"}],"wp:featuredmedia":[{"embeddable":true,"href":"https:\/\/iber.market\/fr\/wp-json\/wp\/v2\/media\/187855"}],"wp:attachment":[{"href":"https:\/\/iber.market\/fr\/wp-json\/wp\/v2\/media?parent=187854"}],"wp:term":[{"taxonomy":"product_brand","embeddable":true,"href":"https:\/\/iber.market\/fr\/wp-json\/wp\/v2\/product_brand?post=187854"},{"taxonomy":"product_cat","embeddable":true,"href":"https:\/\/iber.market\/fr\/wp-json\/wp\/v2\/product_cat?post=187854"},{"taxonomy":"product_tag","embeddable":true,"href":"https:\/\/iber.market\/fr\/wp-json\/wp\/v2\/product_tag?post=187854"}],"curies":[{"name":"wp","href":"https:\/\/api.w.org\/{rel}","templated":true}]}}