{"id":187665,"date":"2026-01-10T16:17:15","date_gmt":"2026-01-10T16:17:15","guid":{"rendered":"https:\/\/iber.market\/producto\/on-the-go-bebida-de-avena-y-cafe-ecologico-230-ml\/"},"modified":"2026-01-10T16:17:16","modified_gmt":"2026-01-10T16:17:16","slug":"on-the-go-organic-coffee-and-oat-drink-230-ml","status":"publish","type":"product","link":"https:\/\/iber.market\/fr\/product\/on-the-go-organic-coffee-and-oat-drink-230-ml\/","title":{"rendered":"On the go Boisson biologique au caf\u00e9 et \u00e0 l'avoine 230 ml."},"content":{"rendered":"<p><strong>ABBOT KINNEY'S On the go Organic Oat &amp; Coffee Drink 230 ml.<\/strong> de la marque <strong>ABBOT KINNEY'S<\/strong> est un produit appartenant \u00e0 la cat\u00e9gorie <em>Supermarch\u00e9 bio &gt; Boissons bio<\/em>, s\u00e9lectionn\u00e9s dans le supermarch\u00e9 biologique espagnol.<\/p>\n<p>Ce produit est con\u00e7u pour les personnes qui suivent un r\u00e9gime v\u00e9g\u00e9talien, biologique ou \u00e0 base de plantes, et qui privil\u00e9gient les ingr\u00e9dients de qualit\u00e9, les processus responsables et une consommation plus durable.<\/p>\n<p>Id\u00e9al pour les clients europ\u00e9ens qui souhaitent acheter des produits biologiques et v\u00e9g\u00e9taliens en provenance d'Espagne avec une livraison internationale, tout en conservant l'essence du supermarch\u00e9 espagnol.<\/p>","protected":false},"excerpt":{"rendered":"<p>ABBOT KINNEY'S On the go Organic Oat &amp; Coffee Drink 230 ml. ABBOT KINNEY'S. Produit \u00e9cologique et v\u00e9g\u00e9talien s\u00e9lectionn\u00e9 dans les supermarch\u00e9s espagnols, id\u00e9al pour un r\u00e9gime conscient et sain.<\/p>","protected":false},"featured_media":187666,"template":"","meta":[],"product_brand":[],"product_cat":[353],"product_tag":[],"class_list":{"0":"post-187665","1":"product","2":"type-product","3":"status-publish","4":"has-post-thumbnail","6":"product_cat-bebidas-ecologicas","8":"first","9":"instock","10":"taxable","11":"shipping-taxable","12":"purchasable","13":"product-type-simple"},"jetpack_sharing_enabled":true,"_links":{"self":[{"href":"https:\/\/iber.market\/fr\/wp-json\/wp\/v2\/product\/187665","targetHints":{"allow":["GET"]}}],"collection":[{"href":"https:\/\/iber.market\/fr\/wp-json\/wp\/v2\/product"}],"about":[{"href":"https:\/\/iber.market\/fr\/wp-json\/wp\/v2\/types\/product"}],"wp:featuredmedia":[{"embeddable":true,"href":"https:\/\/iber.market\/fr\/wp-json\/wp\/v2\/media\/187666"}],"wp:attachment":[{"href":"https:\/\/iber.market\/fr\/wp-json\/wp\/v2\/media?parent=187665"}],"wp:term":[{"taxonomy":"product_brand","embeddable":true,"href":"https:\/\/iber.market\/fr\/wp-json\/wp\/v2\/product_brand?post=187665"},{"taxonomy":"product_cat","embeddable":true,"href":"https:\/\/iber.market\/fr\/wp-json\/wp\/v2\/product_cat?post=187665"},{"taxonomy":"product_tag","embeddable":true,"href":"https:\/\/iber.market\/fr\/wp-json\/wp\/v2\/product_tag?post=187665"}],"curies":[{"name":"wp","href":"https:\/\/api.w.org\/{rel}","templated":true}]}}