{"id":187646,"date":"2026-01-10T16:17:12","date_gmt":"2026-01-10T16:17:12","guid":{"rendered":"https:\/\/iber.market\/producto\/chocolate-negro-85-cacao-ecoogico-intermon-oxfan-100-g\/"},"modified":"2026-01-10T16:17:12","modified_gmt":"2026-01-10T16:17:12","slug":"chocolat-noir-85-eco-bio-cacao-intermon-oxfan-100-g","status":"publish","type":"product","link":"https:\/\/iber.market\/fr\/product\/chocolat-noir-85-eco-bio-cacao-intermon-oxfan-100-g\/","title":{"rendered":"Chocolat noir 85 % cacao bio INTERMON OXFAN 100 g."},"content":{"rendered":"<p><strong>INTERMON OXFAM chocolat noir 85 % cacao bio INTERMON OXFAN 100 g.<\/strong> de la marque <strong>INTERMON OXFAM<\/strong> est un produit appartenant \u00e0 la cat\u00e9gorie <em>Supermarch\u00e9 bio &gt; Petits d\u00e9jeuners bio<\/em>, s\u00e9lectionn\u00e9s dans le supermarch\u00e9 biologique espagnol.<\/p>\n<p>Ce produit est con\u00e7u pour les personnes qui suivent un r\u00e9gime v\u00e9g\u00e9talien, biologique ou \u00e0 base de plantes, et qui privil\u00e9gient les ingr\u00e9dients de qualit\u00e9, les processus responsables et une consommation plus durable.<\/p>\n<p>Id\u00e9al pour les clients europ\u00e9ens qui souhaitent acheter des produits biologiques et v\u00e9g\u00e9taliens en provenance d'Espagne avec une livraison internationale, tout en conservant l'essence du supermarch\u00e9 espagnol.<\/p>","protected":false},"excerpt":{"rendered":"<p>INTERM\u00d3N OXFAM Chocolat noir 85 % cacao biologique INTERMON OXFAN 100 g. INTERM\u00d3N OXFAM. Produit biologique et v\u00e9g\u00e9talien s\u00e9lectionn\u00e9 dans les supermarch\u00e9s espagnols, id\u00e9al pour un r\u00e9gime conscient et sain.<\/p>","protected":false},"featured_media":187647,"template":"","meta":[],"product_brand":[],"product_cat":[354],"product_tag":[],"class_list":{"0":"post-187646","1":"product","2":"type-product","3":"status-publish","4":"has-post-thumbnail","6":"product_cat-desayunos-ecologicos","8":"first","9":"instock","10":"taxable","11":"shipping-taxable","12":"purchasable","13":"product-type-simple"},"jetpack_sharing_enabled":true,"_links":{"self":[{"href":"https:\/\/iber.market\/fr\/wp-json\/wp\/v2\/product\/187646","targetHints":{"allow":["GET"]}}],"collection":[{"href":"https:\/\/iber.market\/fr\/wp-json\/wp\/v2\/product"}],"about":[{"href":"https:\/\/iber.market\/fr\/wp-json\/wp\/v2\/types\/product"}],"wp:featuredmedia":[{"embeddable":true,"href":"https:\/\/iber.market\/fr\/wp-json\/wp\/v2\/media\/187647"}],"wp:attachment":[{"href":"https:\/\/iber.market\/fr\/wp-json\/wp\/v2\/media?parent=187646"}],"wp:term":[{"taxonomy":"product_brand","embeddable":true,"href":"https:\/\/iber.market\/fr\/wp-json\/wp\/v2\/product_brand?post=187646"},{"taxonomy":"product_cat","embeddable":true,"href":"https:\/\/iber.market\/fr\/wp-json\/wp\/v2\/product_cat?post=187646"},{"taxonomy":"product_tag","embeddable":true,"href":"https:\/\/iber.market\/fr\/wp-json\/wp\/v2\/product_tag?post=187646"}],"curies":[{"name":"wp","href":"https:\/\/api.w.org\/{rel}","templated":true}]}}